{"id":30309,"date":"2020-10-08T13:07:40","date_gmt":"2020-10-08T13:07:40","guid":{"rendered":"https:\/\/aqc.ch\/contact-2\/"},"modified":"2020-10-08T13:07:42","modified_gmt":"2020-10-08T13:07:42","slug":"contact-2-2","status":"publish","type":"page","link":"https:\/\/aqc.ch\/fr\/contact-2-2\/","title":{"rendered":"Contact"},"content":{"rendered":"<p>[et_pb_section fb_built=\u00a0\u00bb1&Prime; disabled_on=\u00a0\u00bbon|on|on\u00a0\u00bb admin_label=\u00a0\u00bbHeader 1&Prime; _builder_version=\u00a0\u00bb4.5.0&Prime; background_image=\u00a0\u00bbhttps:\/\/aqc.ch\/wp-content\/uploads\/2020\/08\/bg-gemeinschaft-1920-550-30.jpg\u00a0\u00bb custom_padding=\u00a0\u00bb||55px|||\u00a0\u00bb disabled=\u00a0\u00bbon\u00a0\u00bb][et_pb_row admin_label=\u00a0\u00bbrow\u00a0\u00bb _builder_version=\u00a0\u00bb4.5.0&Prime; background_color=\u00a0\u00bbrgba(28,28,12,0.58)\u00a0\u00bb background_size=\u00a0\u00bbinitial\u00a0\u00bb background_position=\u00a0\u00bbtop_left\u00a0\u00bb background_repeat=\u00a0\u00bbrepeat\u00a0\u00bb][et_pb_column type=\u00a0\u00bb4_4&Prime; _builder_version=\u00a0\u00bb4.5.0&Prime; custom_padding=\u00a0\u00bb|||\u00a0\u00bb custom_padding__hover=\u00a0\u00bb|||\u00a0\u00bb][et_pb_text _builder_version=\u00a0\u00bb4.5.0&Prime; header_text_align=\u00a0\u00bbcenter\u00a0\u00bb header_text_color=\u00a0\u00bb#ffffff\u00a0\u00bb custom_margin=\u00a0\u00bb||2px|||\u00a0\u00bb]<\/p>\n<h1>Contact<\/h1>\n<p>[\/et_pb_text][et_pb_text _builder_version=\u00a0\u00bb4.5.0&Prime; text_font=\u00a0\u00bb||||||||\u00a0\u00bb text_text_color=\u00a0\u00bb#e3e3e3&Prime; text_font_size=\u00a0\u00bb20px\u00a0\u00bb text_orientation=\u00a0\u00bbcenter\u00a0\u00bb min_height=\u00a0\u00bb93px\u00a0\u00bb custom_padding=\u00a0\u00bb25px|4%||4%|false|true\u00a0\u00bb]<\/p>\n<p>Si vous avez des questions, n&rsquo;h\u00e9sitez pas \u00e0 nous contacter \u00e0 tout moment.<\/p>\n<p>Nous serons heureux de coordonner la r\u00e9ponse, vous pouvez nous joindre \u00e0 tout moment.<\/p>\n<p>[\/et_pb_text][et_pb_divider _builder_version=\u00a0\u00bb4.0.6&Prime;][\/et_pb_divider][\/et_pb_column][\/et_pb_row][\/et_pb_section][et_pb_section fb_built=\u00a0\u00bb1&Prime; disabled_on=\u00a0\u00bboff|off|off\u00a0\u00bb admin_label=\u00a0\u00bbAQC-Elevator Pitch\u00a0\u00bb _builder_version=\u00a0\u00bb4.0.6&Prime; custom_padding=\u00a0\u00bb||3px|||\u00a0\u00bb][et_pb_row _builder_version=\u00a0\u00bb4.0.6&Prime; custom_padding=\u00a0\u00bb||61px|||\u00a0\u00bb][et_pb_column type=\u00a0\u00bb4_4&Prime; _builder_version=\u00a0\u00bb4.0.6&Prime;][et_pb_text _builder_version=\u00a0\u00bb4.5.7&Prime; header_2_font=\u00a0\u00bb|700||on|||||\u00a0\u00bb header_2_font_size=\u00a0\u00bb42px\u00a0\u00bb header_2_line_height=\u00a0\u00bb1.3em\u00a0\u00bb width=\u00a0\u00bb100%\u00a0\u00bb custom_margin=\u00a0\u00bb||0px|||\u00a0\u00bb]<\/p>\n<h2 style=\"text-align: center\">Notre adresse<\/h2>\n<p>[\/et_pb_text][et_pb_divider divider_weight=\u00a0\u00bb10px\u00a0\u00bb _builder_version=\u00a0\u00bb4.6.5&Prime; max_width=\u00a0\u00bb50%\u00a0\u00bb custom_padding=\u00a0\u00bb15px||12px|||\u00a0\u00bb hover_enabled=\u00a0\u00bb0&Prime; width_last_edited=\u00a0\u00bbon|desktop\u00a0\u00bb sticky_enabled=\u00a0\u00bb0&Prime; width_phone=\u00a0\u00bb50%\u00a0\u00bb width_tablet=\u00a0\u00bb50%\u00a0\u00bb width=\u00a0\u00bb50%\u00a0\u00bb][\/et_pb_divider][et_pb_text _builder_version=\u00a0\u00bb4.5.7&Prime; text_font=\u00a0\u00bb||||||||\u00a0\u00bb text_text_color=\u00a0\u00bb#747d88&Prime; text_font_size=\u00a0\u00bb20px\u00a0\u00bb text_orientation=\u00a0\u00bbcenter\u00a0\u00bb]<\/p>\n<p>Bureau de l&rsquo;AQC<br \/>c\/o Adjumed Services AG<br \/> Birmensdorferstrasse 470<br \/> 8055 Zurich<\/p>\n<p>T\u00e9l\u00e9phone +41 44 450 10 63<br \/> Fax +41 44 380 22 74<\/p>\n<p>[\/et_pb_text][\/et_pb_column][\/et_pb_row][\/et_pb_section][et_pb_section fb_built=\u00a0\u00bb1&Prime; admin_label=\u00a0\u00bbContact Form Section\u00a0\u00bb _builder_version=\u00a0\u00bb4.0.6&Prime; background_color=\u00a0\u00bb#f7f7f7&Prime; custom_padding=\u00a0\u00bb110px||110px|\u00a0\u00bb animation_style=\u00a0\u00bbzoom\u00a0\u00bb animation_direction=\u00a0\u00bbbottom\u00a0\u00bb animation_intensity_zoom=\u00a0\u00bb10%\u00a0\u00bb saved_tabs=\u00a0\u00bball\u00a0\u00bb][et_pb_row admin_label=\u00a0\u00bbService Section Title\u00a0\u00bb _builder_version=\u00a0\u00bb3.25&Prime; custom_margin=\u00a0\u00bb|auto|-4px|auto||\u00a0\u00bb animation_style=\u00a0\u00bbfade\u00a0\u00bb animation_direction=\u00a0\u00bbtop\u00a0\u00bb locked=\u00a0\u00bboff\u00a0\u00bb][et_pb_column type=\u00a0\u00bb4_4&Prime; _builder_version=\u00a0\u00bb3.25&Prime; custom_padding=\u00a0\u00bb|||\u00a0\u00bb custom_padding__hover=\u00a0\u00bb|||\u00a0\u00bb][et_pb_text admin_label=\u00a0\u00bbTitle\u00a0\u00bb _builder_version=\u00a0\u00bb4.5.0&Prime; text_font=\u00a0\u00bbMontserrat||||||||\u00a0\u00bb text_text_color=\u00a0\u00bb#747d88&Prime; text_font_size=\u00a0\u00bb16px\u00a0\u00bb text_line_height=\u00a0\u00bb1.9em\u00a0\u00bb header_font=\u00a0\u00bb||||||||\u00a0\u00bb header_2_font=\u00a0\u00bbRoboto|700||on|||||\u00a0\u00bb header_2_font_size=\u00a0\u00bb42px\u00a0\u00bb header_2_line_height=\u00a0\u00bb1.3em\u00a0\u00bb background_size=\u00a0\u00bbinitial\u00a0\u00bb background_position=\u00a0\u00bbtop_left\u00a0\u00bb background_repeat=\u00a0\u00bbrepeat\u00a0\u00bb text_orientation=\u00a0\u00bbcenter\u00a0\u00bb max_width=\u00a0\u00bb700px\u00a0\u00bb module_alignment=\u00a0\u00bbcenter\u00a0\u00bb animation_style=\u00a0\u00bbslide\u00a0\u00bb animation_direction=\u00a0\u00bbbottom\u00a0\u00bb animation_intensity_slide=\u00a0\u00bb4%\u00a0\u00bb]<\/p>\n<h2>Des questions pour l&rsquo;AQC ?<br \/> <\/h2>\n<p>[\/et_pb_text][\/et_pb_column][\/et_pb_row][et_pb_row admin_label=\u00a0\u00bbService Section Title\u00a0\u00bb _builder_version=\u00a0\u00bb3.25&Prime; custom_margin=\u00a0\u00bb||40px|\u00a0\u00bb custom_padding=\u00a0\u00bb9px|||||\u00a0\u00bb animation_style=\u00a0\u00bbfade\u00a0\u00bb animation_direction=\u00a0\u00bbtop\u00a0\u00bb saved_tabs=\u00a0\u00bball\u00a0\u00bb][et_pb_column type=\u00a0\u00bb4_4&Prime; _builder_version=\u00a0\u00bb4.2.2&Prime;][et_pb_divider divider_weight=\u00a0\u00bb10px\u00a0\u00bb _builder_version=\u00a0\u00bb4.6.5&Prime; background_color=\u00a0\u00bbrgba(0,0,0,0)\u00a0\u00bb max_width=\u00a0\u00bb50%\u00a0\u00bb custom_margin=\u00a0\u00bb-9px||||false|false\u00a0\u00bb hover_enabled=\u00a0\u00bb0&Prime; width=\u00a0\u00bb50%\u00a0\u00bb sticky_enabled=\u00a0\u00bb0&Prime; width_last_edited=\u00a0\u00bbon|desktop\u00a0\u00bb width_phone=\u00a0\u00bb50%\u00a0\u00bb width_tablet=\u00a0\u00bb50%\u00a0\u00bb][\/et_pb_divider][et_pb_text admin_label=\u00a0\u00bbSubtitle\u00a0\u00bb _builder_version=\u00a0\u00bb4.5.0&Prime; text_font=\u00a0\u00bbRoboto||||||||\u00a0\u00bb text_text_color=\u00a0\u00bb#747d88&Prime; text_font_size=\u00a0\u00bb18px\u00a0\u00bb text_orientation=\u00a0\u00bbcenter\u00a0\u00bb max_width=\u00a0\u00bb600px\u00a0\u00bb module_alignment=\u00a0\u00bbcenter\u00a0\u00bb custom_margin=\u00a0\u00bb|||\u00a0\u00bb]<\/p>\n<p>Envoyez-nous vos questions. Nous sommes heureux de votre int\u00e9r\u00eat et nous vous contacterons aussit\u00f4t possible.<\/p>\n<p>[\/et_pb_text][\/et_pb_column][\/et_pb_row][et_pb_row admin_label=\u00a0\u00bbContact Form\u00a0\u00bb _builder_version=\u00a0\u00bb3.25&Prime; animation_style=\u00a0\u00bbfade\u00a0\u00bb][et_pb_column type=\u00a0\u00bb4_4&Prime; _builder_version=\u00a0\u00bb3.25&Prime; custom_padding=\u00a0\u00bb|||\u00a0\u00bb custom_padding__hover=\u00a0\u00bb|||\u00a0\u00bb][et_pb_contact_form use_spam_service=\u00a0\u00bbon\u00a0\u00bb recaptcha_list=\u00a0\u00bbaqcch|aqcch-0&Prime; email=\u00a0\u00bbaqc@aqc.ch\u00a0\u00bb custom_message=\u00a0\u00bb%%Name%% (%%Email%%)||et_pb_line_break_holder||%%Company%%||et_pb_line_break_holder||||et_pb_line_break_holder||%%Message%%\u00a0\u00bb success_message=\u00a0\u00bbMerci beaucoup pour votre demande. Nous vous recontacterons prochainement. Nous vous recontacterons prochainement.\u00a0\u00bb submit_button_text=\u00a0\u00bbEnvoyer\u00a0\u00bb module_id=\u00a0\u00bbet_pb_contact_form_0&Prime; _builder_version=\u00a0\u00bb4.5.7&Prime; form_field_background_color=\u00a0\u00bbrgba(255,255,255,0)\u00a0\u00bb form_field_text_color=\u00a0\u00bb#353740&Prime; title_level=\u00a0\u00bbh6&Prime; title_font=\u00a0\u00bbRoboto||||||||\u00a0\u00bb form_field_font=\u00a0\u00bbMontserrat||||\u00a0\u00bb form_field_font_size=\u00a0\u00bb16px\u00a0\u00bb custom_button=\u00a0\u00bbon\u00a0\u00bb button_text_color=\u00a0\u00bb#ffffff\u00a0\u00bb button_bg_color=\u00a0\u00bb#f7a409&Prime; button_border_width=\u00a0\u00bb0px\u00a0\u00bb button_border_color=\u00a0\u00bb#ffffff\u00a0\u00bb button_border_radius=\u00a0\u00bb0px\u00a0\u00bb button_letter_spacing=\u00a0\u00bb0px\u00a0\u00bb button_font=\u00a0\u00bbRoboto|700||on|||||\u00a0\u00bb button_icon=\u00a0\u00bb%%36%%\u00a0\u00bb button_icon_color=\u00a0\u00bb#ffffff\u00a0\u00bb max_width=\u00a0\u00bb800px\u00a0\u00bb module_alignment=\u00a0\u00bbcenter\u00a0\u00bb animation_style=\u00a0\u00bbfade\u00a0\u00bb box_shadow_style=\u00a0\u00bbpreset7&Prime; box_shadow_horizontal=\u00a0\u00bb0px\u00a0\u00bb box_shadow_vertical=\u00a0\u00bb-1px\u00a0\u00bb box_shadow_color=\u00a0\u00bbrgba(0,0,0,0.18)\u00a0\u00bb form_background_color=\u00a0\u00bbrgba(255,255,255,0)\u00a0\u00bb button_text_color_hover=\u00a0\u00bb#ffffff\u00a0\u00bb button_bg_color_hover=\u00a0\u00bbrgba(0,0,0,0)\u00a0\u00bb button_border_color_hover=\u00a0\u00bb#ffffff\u00a0\u00bb button_letter_spacing_hover=\u00a0\u00bb2px\u00a0\u00bb][et_pb_contact_field field_id=\u00a0\u00bbName\u00a0\u00bb field_title=\u00a0\u00bbNom\u00a0\u00bb fullwidth_field=\u00a0\u00bbon\u00a0\u00bb _builder_version=\u00a0\u00bb4.5.0&Prime; form_field_font=\u00a0\u00bbRoboto||||||||\u00a0\u00bb border_width_bottom=\u00a0\u00bb1px\u00a0\u00bb border_color_bottom=\u00a0\u00bb#e1e1e1&Prime; button_text_size__hover_enabled=\u00a0\u00bboff\u00a0\u00bb button_one_text_size__hover_enabled=\u00a0\u00bboff\u00a0\u00bb button_two_text_size__hover_enabled=\u00a0\u00bboff\u00a0\u00bb button_text_color__hover_enabled=\u00a0\u00bboff\u00a0\u00bb button_one_text_color__hover_enabled=\u00a0\u00bboff\u00a0\u00bb button_two_text_color__hover_enabled=\u00a0\u00bboff\u00a0\u00bb button_border_width__hover_enabled=\u00a0\u00bboff\u00a0\u00bb button_one_border_width__hover_enabled=\u00a0\u00bboff\u00a0\u00bb button_two_border_width__hover_enabled=\u00a0\u00bboff\u00a0\u00bb button_border_color__hover_enabled=\u00a0\u00bboff\u00a0\u00bb button_one_border_color__hover_enabled=\u00a0\u00bboff\u00a0\u00bb button_two_border_color__hover_enabled=\u00a0\u00bboff\u00a0\u00bb button_border_radius__hover_enabled=\u00a0\u00bboff\u00a0\u00bb button_one_border_radius__hover_enabled=\u00a0\u00bboff\u00a0\u00bb button_two_border_radius__hover_enabled=\u00a0\u00bboff\u00a0\u00bb button_letter_spacing__hover_enabled=\u00a0\u00bboff\u00a0\u00bb button_one_letter_spacing__hover_enabled=\u00a0\u00bboff\u00a0\u00bb button_two_letter_spacing__hover_enabled=\u00a0\u00bboff\u00a0\u00bb button_bg_color__hover_enabled=\u00a0\u00bboff\u00a0\u00bb button_one_bg_color__hover_enabled=\u00a0\u00bboff\u00a0\u00bb button_two_bg_color__hover_enabled=\u00a0\u00bboff\u00a0\u00bb][\/et_pb_contact_field][et_pb_contact_field field_id=\u00a0\u00bbEmail\u00a0\u00bb field_title=\u00a0\u00bbVotre adresse E-Mail\u00a0\u00bb field_type=\u00a0\u00bbemail\u00a0\u00bb fullwidth_field=\u00a0\u00bbon\u00a0\u00bb _builder_version=\u00a0\u00bb4.0.6&Prime; form_field_font=\u00a0\u00bbRoboto||||||||\u00a0\u00bb border_width_bottom=\u00a0\u00bb1px\u00a0\u00bb border_color_bottom=\u00a0\u00bb#e1e1e1&Prime; button_text_size__hover_enabled=\u00a0\u00bboff\u00a0\u00bb button_one_text_size__hover_enabled=\u00a0\u00bboff\u00a0\u00bb button_two_text_size__hover_enabled=\u00a0\u00bboff\u00a0\u00bb button_text_color__hover_enabled=\u00a0\u00bboff\u00a0\u00bb button_one_text_color__hover_enabled=\u00a0\u00bboff\u00a0\u00bb button_two_text_color__hover_enabled=\u00a0\u00bboff\u00a0\u00bb button_border_width__hover_enabled=\u00a0\u00bboff\u00a0\u00bb button_one_border_width__hover_enabled=\u00a0\u00bboff\u00a0\u00bb button_two_border_width__hover_enabled=\u00a0\u00bboff\u00a0\u00bb button_border_color__hover_enabled=\u00a0\u00bboff\u00a0\u00bb button_one_border_color__hover_enabled=\u00a0\u00bboff\u00a0\u00bb button_two_border_color__hover_enabled=\u00a0\u00bboff\u00a0\u00bb button_border_radius__hover_enabled=\u00a0\u00bboff\u00a0\u00bb button_one_border_radius__hover_enabled=\u00a0\u00bboff\u00a0\u00bb button_two_border_radius__hover_enabled=\u00a0\u00bboff\u00a0\u00bb button_letter_spacing__hover_enabled=\u00a0\u00bboff\u00a0\u00bb button_one_letter_spacing__hover_enabled=\u00a0\u00bboff\u00a0\u00bb button_two_letter_spacing__hover_enabled=\u00a0\u00bboff\u00a0\u00bb button_bg_color__hover_enabled=\u00a0\u00bboff\u00a0\u00bb button_one_bg_color__hover_enabled=\u00a0\u00bboff\u00a0\u00bb button_two_bg_color__hover_enabled=\u00a0\u00bboff\u00a0\u00bb][\/et_pb_contact_field][et_pb_contact_field field_id=\u00a0\u00bbCompany\u00a0\u00bb field_title=\u00a0\u00bbVotre h\u00f4pital ou votre clinique\u00a0\u00bb fullwidth_field=\u00a0\u00bbon\u00a0\u00bb _builder_version=\u00a0\u00bb4.0.6&Prime; form_field_font=\u00a0\u00bbRoboto||||||||\u00a0\u00bb border_width_bottom=\u00a0\u00bb1px\u00a0\u00bb border_color_bottom=\u00a0\u00bb#e1e1e1&Prime; button_text_size__hover_enabled=\u00a0\u00bboff\u00a0\u00bb button_one_text_size__hover_enabled=\u00a0\u00bboff\u00a0\u00bb button_two_text_size__hover_enabled=\u00a0\u00bboff\u00a0\u00bb button_text_color__hover_enabled=\u00a0\u00bboff\u00a0\u00bb button_one_text_color__hover_enabled=\u00a0\u00bboff\u00a0\u00bb button_two_text_color__hover_enabled=\u00a0\u00bboff\u00a0\u00bb button_border_width__hover_enabled=\u00a0\u00bboff\u00a0\u00bb button_one_border_width__hover_enabled=\u00a0\u00bboff\u00a0\u00bb button_two_border_width__hover_enabled=\u00a0\u00bboff\u00a0\u00bb button_border_color__hover_enabled=\u00a0\u00bboff\u00a0\u00bb button_one_border_color__hover_enabled=\u00a0\u00bboff\u00a0\u00bb button_two_border_color__hover_enabled=\u00a0\u00bboff\u00a0\u00bb button_border_radius__hover_enabled=\u00a0\u00bboff\u00a0\u00bb button_one_border_radius__hover_enabled=\u00a0\u00bboff\u00a0\u00bb button_two_border_radius__hover_enabled=\u00a0\u00bboff\u00a0\u00bb button_letter_spacing__hover_enabled=\u00a0\u00bboff\u00a0\u00bb button_one_letter_spacing__hover_enabled=\u00a0\u00bboff\u00a0\u00bb button_two_letter_spacing__hover_enabled=\u00a0\u00bboff\u00a0\u00bb button_bg_color__hover_enabled=\u00a0\u00bboff\u00a0\u00bb button_one_bg_color__hover_enabled=\u00a0\u00bboff\u00a0\u00bb button_two_bg_color__hover_enabled=\u00a0\u00bboff\u00a0\u00bb][\/et_pb_contact_field][et_pb_contact_field field_id=\u00a0\u00bbMessage\u00a0\u00bb field_title=\u00a0\u00bbVotre message\u00a0\u00bb field_type=\u00a0\u00bbtext\u00a0\u00bb fullwidth_field=\u00a0\u00bbon\u00a0\u00bb _builder_version=\u00a0\u00bb4.0.6&Prime; form_field_font=\u00a0\u00bbRoboto||||||||\u00a0\u00bb border_width_bottom=\u00a0\u00bb1px\u00a0\u00bb border_color_bottom=\u00a0\u00bb#e1e1e1&Prime; button_text_size__hover_enabled=\u00a0\u00bboff\u00a0\u00bb button_one_text_size__hover_enabled=\u00a0\u00bboff\u00a0\u00bb button_two_text_size__hover_enabled=\u00a0\u00bboff\u00a0\u00bb button_text_color__hover_enabled=\u00a0\u00bboff\u00a0\u00bb button_one_text_color__hover_enabled=\u00a0\u00bboff\u00a0\u00bb button_two_text_color__hover_enabled=\u00a0\u00bboff\u00a0\u00bb button_border_width__hover_enabled=\u00a0\u00bboff\u00a0\u00bb button_one_border_width__hover_enabled=\u00a0\u00bboff\u00a0\u00bb button_two_border_width__hover_enabled=\u00a0\u00bboff\u00a0\u00bb button_border_color__hover_enabled=\u00a0\u00bboff\u00a0\u00bb button_one_border_color__hover_enabled=\u00a0\u00bboff\u00a0\u00bb button_two_border_color__hover_enabled=\u00a0\u00bboff\u00a0\u00bb button_border_radius__hover_enabled=\u00a0\u00bboff\u00a0\u00bb button_one_border_radius__hover_enabled=\u00a0\u00bboff\u00a0\u00bb button_two_border_radius__hover_enabled=\u00a0\u00bboff\u00a0\u00bb button_letter_spacing__hover_enabled=\u00a0\u00bboff\u00a0\u00bb button_one_letter_spacing__hover_enabled=\u00a0\u00bboff\u00a0\u00bb button_two_letter_spacing__hover_enabled=\u00a0\u00bboff\u00a0\u00bb button_bg_color__hover_enabled=\u00a0\u00bboff\u00a0\u00bb button_one_bg_color__hover_enabled=\u00a0\u00bboff\u00a0\u00bb button_two_bg_color__hover_enabled=\u00a0\u00bboff\u00a0\u00bb][\/et_pb_contact_field][\/et_pb_contact_form][\/et_pb_column][\/et_pb_row][\/et_pb_section]<\/p>\n","protected":false},"excerpt":{"rendered":"<p>ContactSi vous avez des questions, n&rsquo;h\u00e9sitez pas \u00e0 nous contacter \u00e0 tout moment. Nous serons heureux de coordonner la r\u00e9ponse, vous pouvez nous joindre \u00e0 tout moment.Notre adresseBureau de l&rsquo;AQCc\/o Adjumed Services AG Birmensdorferstrasse 470 8055 Zurich T\u00e9l\u00e9phone +41 44 450 10 63 Fax +41 44 380 22 74Des questions pour l&rsquo;AQC ? Envoyez-nous vos [&hellip;]<\/p>\n","protected":false},"author":1,"featured_media":0,"parent":0,"menu_order":0,"comment_status":"closed","ping_status":"closed","template":"","meta":{"_et_pb_use_builder":"on","_et_pb_old_content":"","_et_gb_content_width":"","footnotes":""},"class_list":["post-30309","page","type-page","status-publish","hentry"],"yoast_head":"<!-- This site is optimized with the Yoast SEO plugin v27.2 - https:\/\/yoast.com\/product\/yoast-seo-wordpress\/ -->\n<title>Veuillez nous contacter directement ici. Nous sommes l\u00e0 pour r\u00e9pondre \u00e0 vos questions.<\/title>\n<meta name=\"robots\" content=\"index, follow, max-snippet:-1, max-image-preview:large, max-video-preview:-1\" \/>\n<link rel=\"canonical\" href=\"https:\/\/aqc.ch\/fr\/contact-2-2\/\" \/>\n<meta property=\"og:locale\" content=\"fr_FR\" \/>\n<meta property=\"og:type\" content=\"article\" \/>\n<meta property=\"og:title\" content=\"Veuillez nous contacter directement ici. Nous sommes l\u00e0 pour r\u00e9pondre \u00e0 vos questions.\" \/>\n<meta property=\"og:description\" content=\"ContactSi vous avez des questions, n&#039;h\u00e9sitez pas \u00e0 nous contacter \u00e0 tout moment. Nous serons heureux de coordonner la r\u00e9ponse, vous pouvez nous joindre \u00e0 tout moment.Notre adresseBureau de l&#039;AQCc\/o Adjumed Services AG Birmensdorferstrasse 470 8055 Zurich T\u00e9l\u00e9phone +41 44 450 10 63 Fax +41 44 380 22 74Des questions pour l&#039;AQC ? Envoyez-nous vos [&hellip;]\" \/>\n<meta property=\"og:url\" content=\"https:\/\/aqc.ch\/fr\/contact-2-2\/\" \/>\n<meta property=\"og:site_name\" content=\"AQC\" \/>\n<meta property=\"article:modified_time\" content=\"2020-10-08T13:07:42+00:00\" \/>\n<meta property=\"og:image\" content=\"https:\/\/aqc.ch\/wp-content\/uploads\/2020\/11\/aqc-logo-1200-761.jpg\" \/>\n\t<meta property=\"og:image:width\" content=\"1200\" \/>\n\t<meta property=\"og:image:height\" content=\"761\" \/>\n\t<meta property=\"og:image:type\" content=\"image\/jpeg\" \/>\n<meta name=\"twitter:card\" content=\"summary_large_image\" \/>\n<meta name=\"twitter:label1\" content=\"Dur\u00e9e de lecture estim\u00e9e\" \/>\n\t<meta name=\"twitter:data1\" content=\"7 minutes\" \/>\n<script type=\"application\/ld+json\" class=\"yoast-schema-graph\">{\"@context\":\"https:\/\/schema.org\",\"@graph\":[{\"@type\":\"WebPage\",\"@id\":\"https:\/\/aqc.ch\/fr\/contact-2-2\/\",\"url\":\"https:\/\/aqc.ch\/fr\/contact-2-2\/\",\"name\":\"Veuillez nous contacter directement ici. Nous sommes l\u00e0 pour r\u00e9pondre \u00e0 vos questions.\",\"isPartOf\":{\"@id\":\"https:\/\/aqc.ch\/fr\/#website\"},\"datePublished\":\"2020-10-08T13:07:40+00:00\",\"dateModified\":\"2020-10-08T13:07:42+00:00\",\"breadcrumb\":{\"@id\":\"https:\/\/aqc.ch\/fr\/contact-2-2\/#breadcrumb\"},\"inLanguage\":\"fr-FR\",\"potentialAction\":[{\"@type\":\"ReadAction\",\"target\":[\"https:\/\/aqc.ch\/fr\/contact-2-2\/\"]}]},{\"@type\":\"BreadcrumbList\",\"@id\":\"https:\/\/aqc.ch\/fr\/contact-2-2\/#breadcrumb\",\"itemListElement\":[{\"@type\":\"ListItem\",\"position\":1,\"name\":\"Startseite\",\"item\":\"https:\/\/aqc.ch\/fr\/page-daccueil-de-laqc\/\"},{\"@type\":\"ListItem\",\"position\":2,\"name\":\"Contact\"}]},{\"@type\":\"WebSite\",\"@id\":\"https:\/\/aqc.ch\/fr\/#website\",\"url\":\"https:\/\/aqc.ch\/fr\/\",\"name\":\"AQC\",\"description\":\"Arbeitsgemeinschaft f\u00fcr die Qualit\u00e4tssicherung in der Chirurgie\",\"publisher\":{\"@id\":\"https:\/\/aqc.ch\/fr\/#organization\"},\"potentialAction\":[{\"@type\":\"SearchAction\",\"target\":{\"@type\":\"EntryPoint\",\"urlTemplate\":\"https:\/\/aqc.ch\/fr\/?s={search_term_string}\"},\"query-input\":{\"@type\":\"PropertyValueSpecification\",\"valueRequired\":true,\"valueName\":\"search_term_string\"}}],\"inLanguage\":\"fr-FR\"},{\"@type\":\"Organization\",\"@id\":\"https:\/\/aqc.ch\/fr\/#organization\",\"name\":\"AQC - Arbeitsgemeinschaft f\u00fcr die Qualit\u00e4tssicherung in den Chirurgischen Disziplinen\",\"url\":\"https:\/\/aqc.ch\/fr\/\",\"logo\":{\"@type\":\"ImageObject\",\"inLanguage\":\"fr-FR\",\"@id\":\"https:\/\/aqc.ch\/fr\/#\/schema\/logo\/image\/\",\"url\":\"https:\/\/aqc.ch\/wp-content\/uploads\/2020\/08\/AQC-Logo-320.jpg\",\"contentUrl\":\"https:\/\/aqc.ch\/wp-content\/uploads\/2020\/08\/AQC-Logo-320.jpg\",\"width\":320,\"height\":202,\"caption\":\"AQC - Arbeitsgemeinschaft f\u00fcr die Qualit\u00e4tssicherung in den Chirurgischen Disziplinen\"},\"image\":{\"@id\":\"https:\/\/aqc.ch\/fr\/#\/schema\/logo\/image\/\"},\"sameAs\":[\"https:\/\/www.linkedin.com\/company\/aqc-arbeitsgemeinschaft-qualitaetssicherung\/\"]}]}<\/script>\n<!-- \/ Yoast SEO plugin. -->","yoast_head_json":{"title":"Veuillez nous contacter directement ici. Nous sommes l\u00e0 pour r\u00e9pondre \u00e0 vos questions.","robots":{"index":"index","follow":"follow","max-snippet":"max-snippet:-1","max-image-preview":"max-image-preview:large","max-video-preview":"max-video-preview:-1"},"canonical":"https:\/\/aqc.ch\/fr\/contact-2-2\/","og_locale":"fr_FR","og_type":"article","og_title":"Veuillez nous contacter directement ici. Nous sommes l\u00e0 pour r\u00e9pondre \u00e0 vos questions.","og_description":"ContactSi vous avez des questions, n'h\u00e9sitez pas \u00e0 nous contacter \u00e0 tout moment. Nous serons heureux de coordonner la r\u00e9ponse, vous pouvez nous joindre \u00e0 tout moment.Notre adresseBureau de l'AQCc\/o Adjumed Services AG Birmensdorferstrasse 470 8055 Zurich T\u00e9l\u00e9phone +41 44 450 10 63 Fax +41 44 380 22 74Des questions pour l'AQC ? Envoyez-nous vos [&hellip;]","og_url":"https:\/\/aqc.ch\/fr\/contact-2-2\/","og_site_name":"AQC","article_modified_time":"2020-10-08T13:07:42+00:00","og_image":[{"width":1200,"height":761,"url":"https:\/\/aqc.ch\/wp-content\/uploads\/2020\/11\/aqc-logo-1200-761.jpg","type":"image\/jpeg"}],"twitter_card":"summary_large_image","twitter_misc":{"Dur\u00e9e de lecture estim\u00e9e":"7 minutes"},"schema":{"@context":"https:\/\/schema.org","@graph":[{"@type":"WebPage","@id":"https:\/\/aqc.ch\/fr\/contact-2-2\/","url":"https:\/\/aqc.ch\/fr\/contact-2-2\/","name":"Veuillez nous contacter directement ici. Nous sommes l\u00e0 pour r\u00e9pondre \u00e0 vos questions.","isPartOf":{"@id":"https:\/\/aqc.ch\/fr\/#website"},"datePublished":"2020-10-08T13:07:40+00:00","dateModified":"2020-10-08T13:07:42+00:00","breadcrumb":{"@id":"https:\/\/aqc.ch\/fr\/contact-2-2\/#breadcrumb"},"inLanguage":"fr-FR","potentialAction":[{"@type":"ReadAction","target":["https:\/\/aqc.ch\/fr\/contact-2-2\/"]}]},{"@type":"BreadcrumbList","@id":"https:\/\/aqc.ch\/fr\/contact-2-2\/#breadcrumb","itemListElement":[{"@type":"ListItem","position":1,"name":"Startseite","item":"https:\/\/aqc.ch\/fr\/page-daccueil-de-laqc\/"},{"@type":"ListItem","position":2,"name":"Contact"}]},{"@type":"WebSite","@id":"https:\/\/aqc.ch\/fr\/#website","url":"https:\/\/aqc.ch\/fr\/","name":"AQC","description":"Arbeitsgemeinschaft f\u00fcr die Qualit\u00e4tssicherung in der Chirurgie","publisher":{"@id":"https:\/\/aqc.ch\/fr\/#organization"},"potentialAction":[{"@type":"SearchAction","target":{"@type":"EntryPoint","urlTemplate":"https:\/\/aqc.ch\/fr\/?s={search_term_string}"},"query-input":{"@type":"PropertyValueSpecification","valueRequired":true,"valueName":"search_term_string"}}],"inLanguage":"fr-FR"},{"@type":"Organization","@id":"https:\/\/aqc.ch\/fr\/#organization","name":"AQC - Arbeitsgemeinschaft f\u00fcr die Qualit\u00e4tssicherung in den Chirurgischen Disziplinen","url":"https:\/\/aqc.ch\/fr\/","logo":{"@type":"ImageObject","inLanguage":"fr-FR","@id":"https:\/\/aqc.ch\/fr\/#\/schema\/logo\/image\/","url":"https:\/\/aqc.ch\/wp-content\/uploads\/2020\/08\/AQC-Logo-320.jpg","contentUrl":"https:\/\/aqc.ch\/wp-content\/uploads\/2020\/08\/AQC-Logo-320.jpg","width":320,"height":202,"caption":"AQC - Arbeitsgemeinschaft f\u00fcr die Qualit\u00e4tssicherung in den Chirurgischen Disziplinen"},"image":{"@id":"https:\/\/aqc.ch\/fr\/#\/schema\/logo\/image\/"},"sameAs":["https:\/\/www.linkedin.com\/company\/aqc-arbeitsgemeinschaft-qualitaetssicherung\/"]}]}},"_links":{"self":[{"href":"https:\/\/aqc.ch\/fr\/wp-json\/wp\/v2\/pages\/30309","targetHints":{"allow":["GET"]}}],"collection":[{"href":"https:\/\/aqc.ch\/fr\/wp-json\/wp\/v2\/pages"}],"about":[{"href":"https:\/\/aqc.ch\/fr\/wp-json\/wp\/v2\/types\/page"}],"author":[{"embeddable":true,"href":"https:\/\/aqc.ch\/fr\/wp-json\/wp\/v2\/users\/1"}],"replies":[{"embeddable":true,"href":"https:\/\/aqc.ch\/fr\/wp-json\/wp\/v2\/comments?post=30309"}],"version-history":[{"count":7,"href":"https:\/\/aqc.ch\/fr\/wp-json\/wp\/v2\/pages\/30309\/revisions"}],"predecessor-version":[{"id":30316,"href":"https:\/\/aqc.ch\/fr\/wp-json\/wp\/v2\/pages\/30309\/revisions\/30316"}],"wp:attachment":[{"href":"https:\/\/aqc.ch\/fr\/wp-json\/wp\/v2\/media?parent=30309"}],"curies":[{"name":"wp","href":"https:\/\/api.w.org\/{rel}","templated":true}]}}