{"id":30293,"date":"2020-10-08T13:02:28","date_gmt":"2020-10-08T13:02:28","guid":{"rendered":"https:\/\/aqc.ch\/mentions-legales\/"},"modified":"2024-05-13T13:10:50","modified_gmt":"2024-05-13T13:10:50","slug":"mentions-legales","status":"publish","type":"page","link":"https:\/\/aqc.ch\/fr\/mentions-legales\/","title":{"rendered":"Mentions l\u00e9gales"},"content":{"rendered":"<p>[et_pb_section fb_built=\u00a0\u00bb1&Prime; admin_label=\u00a0\u00bbAQC-Elevator Pitch\u00a0\u00bb _builder_version=\u00a0\u00bb4.16&Prime; custom_padding=\u00a0\u00bb||3px|||\u00a0\u00bb global_colors_info=\u00a0\u00bb{}\u00a0\u00bb][et_pb_row _builder_version=\u00a0\u00bb4.16&Prime; global_colors_info=\u00a0\u00bb{}\u00a0\u00bb][et_pb_column type=\u00a0\u00bb4_4&Prime; _builder_version=\u00a0\u00bb4.16&Prime; global_colors_info=\u00a0\u00bb{}\u00a0\u00bb][et_pb_text _builder_version=\u00a0\u00bb4.21.0&Prime; header_2_font=\u00a0\u00bb|700||on|||||\u00a0\u00bb header_2_font_size=\u00a0\u00bb42px\u00a0\u00bb header_2_line_height=\u00a0\u00bb1.3em\u00a0\u00bb width=\u00a0\u00bb100%\u00a0\u00bb custom_margin=\u00a0\u00bb||0px|||\u00a0\u00bb hover_enabled=\u00a0\u00bb0&Prime; global_colors_info=\u00a0\u00bb{}\u00a0\u00bb sticky_enabled=\u00a0\u00bb0&Prime;]<\/p>\n<h2 style=\"text-align: center;\">Mentions l\u00e9gales<\/h2>\n<p>[\/et_pb_text][et_pb_divider divider_weight=\u00a0\u00bb10px\u00a0\u00bb _builder_version=\u00a0\u00bb4.16&Prime; width=\u00a0\u00bb19%\u00a0\u00bb width_tablet=\u00a0\u00bb33%\u00a0\u00bb width_phone=\u00a0\u00bb50%\u00a0\u00bb width_last_edited=\u00a0\u00bbon|phone\u00a0\u00bb max_width=\u00a0\u00bb50%\u00a0\u00bb custom_padding=\u00a0\u00bb15px||12px|||\u00a0\u00bb global_colors_info=\u00a0\u00bb{}\u00a0\u00bb][\/et_pb_divider][\/et_pb_column][\/et_pb_row][\/et_pb_section][et_pb_section fb_built=\u00a0\u00bb1&Prime; admin_label=\u00a0\u00bbFAQ &#8211; Headerzeile\u00a0\u00bb _builder_version=\u00a0\u00bb4.16&Prime; min_height=\u00a0\u00bb418px\u00a0\u00bb custom_padding=\u00a0\u00bb0px|||||\u00a0\u00bb global_colors_info=\u00a0\u00bb{}\u00a0\u00bb][et_pb_row _builder_version=\u00a0\u00bb4.16&Prime; _module_preset=\u00a0\u00bbdefault\u00a0\u00bb global_colors_info=\u00a0\u00bb{}\u00a0\u00bb][et_pb_column type=\u00a0\u00bb4_4&Prime; _builder_version=\u00a0\u00bb4.16&Prime; _module_preset=\u00a0\u00bbdefault\u00a0\u00bb global_colors_info=\u00a0\u00bb{}\u00a0\u00bb][et_pb_text _builder_version=\u00a0\u00bb4.21.0&Prime; _module_preset=\u00a0\u00bbdefault\u00a0\u00bb text_text_color=\u00a0\u00bb#747d88&Prime; hover_enabled=\u00a0\u00bb0&Prime; global_colors_info=\u00a0\u00bb{}\u00a0\u00bb sticky_enabled=\u00a0\u00bb0&Prime;]<\/p>\n<p><strong>Adresse de contact<\/strong><\/p>\n<p>AQC Association pour l&rsquo;assurance qualit\u00e9<br \/>Birmensdorferstrasse 470<br \/>8055 Zurich<br \/>Suisse<\/p>\n<p>e-mail :<br \/>aqc@aqc.ch<\/p>\n<p>&nbsp;<\/p>\n<p><strong>Personne(s) habilit\u00e9e(s) \u00e0 repr\u00e9senter l&rsquo;entreprise<\/strong><\/p>\n<p>Dr. Luzi Rageth<\/p>\n<p>&nbsp;<\/p>\n<p><strong>Contact technique<\/strong><\/p>\n<p>Amplus WP-Praxis<br \/><a href=\"https:\/\/amplus.ch\/\" target=\"_blank\" rel=\"noopener\">https:\/\/amplus.ch\/<\/a><\/p>\n<p>&nbsp;<\/p>\n<p><strong>Clause de non-responsabilit\u00e9<\/strong><\/p>\n<p>L&rsquo;auteur n&rsquo;assume aucune responsabilit\u00e9 quant \u00e0 la v\u00e9racit\u00e9, l&rsquo;exactitude, l&rsquo;actualit\u00e9, la fiabilit\u00e9 et l&rsquo;exhaustivit\u00e9 du contenu des informations.<\/p>\n<p>L&rsquo;auteur ne saurait \u00eatre tenu pour responsable des dommages mat\u00e9riels ou immat\u00e9riels qui pourraient \u00eatre caus\u00e9s par l&rsquo;acc\u00e8s aux informations diffus\u00e9es ou par leur utilisation ou non-utilisation, par le mauvais usage de la connexion ou par des probl\u00e8mes techniques.<\/p>\n<p>Toutes les offres sont sans engagement. L&rsquo;auteur se r\u00e9serve express\u00e9ment le droit de modifier, de compl\u00e9ter ou de supprimer des parties de pages ou l&rsquo;ensemble de l&rsquo;offre sans pr\u00e9avis particulier, ou d&rsquo;en suspendre temporairement ou d\u00e9finitivement la publication. <\/p>\n<p>&nbsp;<\/p>\n<p><strong>Clause de non-responsabilit\u00e9 pour les liens<\/strong><\/p>\n<p>Les r\u00e9f\u00e9rences et les liens vers des sites web de tiers ne rel\u00e8vent pas de notre responsabilit\u00e9. Nous d\u00e9clinons toute responsabilit\u00e9 pour de tels sites. L&rsquo;acc\u00e8s \u00e0 ces sites et leur utilisation se font aux risques et p\u00e9rils de l&rsquo;utilisateur.  <\/p>\n<p>&nbsp;<\/p>\n<p><strong>Droits d&rsquo;auteur<\/strong><\/p>\n<p>Les droits d&rsquo;auteur et tous les autres droits li\u00e9s aux contenus, images, photos ou autres fichiers pr\u00e9sents sur ce site Internet appartiennent exclusivement <strong>\u00e0 la personne morale AQC Arbeitsgemeinschaft f\u00fcr die Qualit\u00e4tssicherung<\/strong> ou aux titulaires de droits sp\u00e9cifiquement mentionn\u00e9s. La reproduction de tout \u00e9l\u00e9ment doit faire l&rsquo;objet d&rsquo;une autorisation \u00e9crite pr\u00e9alable du titulaire des droits d&rsquo;auteur. <\/p>\n<p>&nbsp;<\/p>\n<p><!--ACHTUNG: Wenn Sie die Quelle ohne Erlaubnis von SwissAnwalt entfernen, dann begehen Sie eine Urheberrechtsverletzung welche in jedem Fall geahndet wird.--><br \/>Source : <a href=\"https:\/\/www.swissanwalt.ch\" target=\"_blank\" rel=\"noopener noreferrer\">SwissAnwalt<\/a><!--Bitte beachten Sie die AGB von SwissAnwalt betreffend allf&auml;llig anfallenden Kosten bei Weglassen der Quelle!--><\/p>\n<p>[\/et_pb_text][\/et_pb_column][\/et_pb_row][\/et_pb_section]<\/p>\n","protected":false},"excerpt":{"rendered":"<p>Mentions l\u00e9galesAdresse de contact AQC Association pour l&rsquo;assurance qualit\u00e9Birmensdorferstrasse 4708055 ZurichSuisse e-mail :aqc@aqc.ch &nbsp; Personne(s) habilit\u00e9e(s) \u00e0 repr\u00e9senter l&rsquo;entreprise Dr. Luzi Rageth &nbsp; Contact technique Amplus WP-Praxishttps:\/\/amplus.ch\/ &nbsp; Clause de non-responsabilit\u00e9 L&rsquo;auteur n&rsquo;assume aucune responsabilit\u00e9 quant \u00e0 la v\u00e9racit\u00e9, l&rsquo;exactitude, l&rsquo;actualit\u00e9, la fiabilit\u00e9 et l&rsquo;exhaustivit\u00e9 du contenu des informations. L&rsquo;auteur ne saurait \u00eatre tenu pour [&hellip;]<\/p>\n","protected":false},"author":1,"featured_media":0,"parent":0,"menu_order":0,"comment_status":"closed","ping_status":"closed","template":"","meta":{"_et_pb_use_builder":"on","_et_pb_old_content":"","_et_gb_content_width":"","footnotes":""},"class_list":["post-30293","page","type-page","status-publish","hentry"],"yoast_head":"<!-- This site is optimized with the Yoast SEO plugin v27.2 - https:\/\/yoast.com\/product\/yoast-seo-wordpress\/ -->\n<title>Mentions l\u00e9gales de l&#039;AQC<\/title>\n<meta name=\"robots\" content=\"index, follow, max-snippet:-1, max-image-preview:large, max-video-preview:-1\" \/>\n<link rel=\"canonical\" href=\"https:\/\/aqc.ch\/fr\/mentions-legales\/\" \/>\n<meta property=\"og:locale\" content=\"fr_FR\" \/>\n<meta property=\"og:type\" content=\"article\" \/>\n<meta property=\"og:title\" content=\"Mentions l\u00e9gales de l&#039;AQC\" \/>\n<meta property=\"og:description\" content=\"Mentions l\u00e9galesAdresse de contact AQC Association pour l&#039;assurance qualit\u00e9Birmensdorferstrasse 4708055 ZurichSuisse e-mail :aqc@aqc.ch &nbsp; Personne(s) habilit\u00e9e(s) \u00e0 repr\u00e9senter l&#039;entreprise Dr. Luzi Rageth &nbsp; Contact technique Amplus WP-Praxishttps:\/\/amplus.ch\/ &nbsp; Clause de non-responsabilit\u00e9 L&#039;auteur n&#039;assume aucune responsabilit\u00e9 quant \u00e0 la v\u00e9racit\u00e9, l&#039;exactitude, l&#039;actualit\u00e9, la fiabilit\u00e9 et l&#039;exhaustivit\u00e9 du contenu des informations. L&#039;auteur ne saurait \u00eatre tenu pour [&hellip;]\" \/>\n<meta property=\"og:url\" content=\"https:\/\/aqc.ch\/fr\/mentions-legales\/\" \/>\n<meta property=\"og:site_name\" content=\"AQC\" \/>\n<meta property=\"article:modified_time\" content=\"2024-05-13T13:10:50+00:00\" \/>\n<meta property=\"og:image\" content=\"https:\/\/aqc.ch\/wp-content\/uploads\/2020\/11\/aqc-logo-1200-761.jpg\" \/>\n\t<meta property=\"og:image:width\" content=\"1200\" \/>\n\t<meta property=\"og:image:height\" content=\"761\" \/>\n\t<meta property=\"og:image:type\" content=\"image\/jpeg\" \/>\n<meta name=\"twitter:card\" content=\"summary_large_image\" \/>\n<meta name=\"twitter:label1\" content=\"Dur\u00e9e de lecture estim\u00e9e\" \/>\n\t<meta name=\"twitter:data1\" content=\"2 minutes\" \/>\n<script type=\"application\/ld+json\" class=\"yoast-schema-graph\">{\"@context\":\"https:\/\/schema.org\",\"@graph\":[{\"@type\":\"WebPage\",\"@id\":\"https:\/\/aqc.ch\/fr\/mentions-legales\/\",\"url\":\"https:\/\/aqc.ch\/fr\/mentions-legales\/\",\"name\":\"Mentions l\u00e9gales de l'AQC\",\"isPartOf\":{\"@id\":\"https:\/\/aqc.ch\/fr\/#website\"},\"datePublished\":\"2020-10-08T13:02:28+00:00\",\"dateModified\":\"2024-05-13T13:10:50+00:00\",\"breadcrumb\":{\"@id\":\"https:\/\/aqc.ch\/fr\/mentions-legales\/#breadcrumb\"},\"inLanguage\":\"fr-FR\",\"potentialAction\":[{\"@type\":\"ReadAction\",\"target\":[\"https:\/\/aqc.ch\/fr\/mentions-legales\/\"]}]},{\"@type\":\"BreadcrumbList\",\"@id\":\"https:\/\/aqc.ch\/fr\/mentions-legales\/#breadcrumb\",\"itemListElement\":[{\"@type\":\"ListItem\",\"position\":1,\"name\":\"Startseite\",\"item\":\"https:\/\/aqc.ch\/fr\/page-daccueil-de-laqc\/\"},{\"@type\":\"ListItem\",\"position\":2,\"name\":\"Mentions l\u00e9gales\"}]},{\"@type\":\"WebSite\",\"@id\":\"https:\/\/aqc.ch\/fr\/#website\",\"url\":\"https:\/\/aqc.ch\/fr\/\",\"name\":\"AQC\",\"description\":\"Arbeitsgemeinschaft f\u00fcr die Qualit\u00e4tssicherung in der Chirurgie\",\"publisher\":{\"@id\":\"https:\/\/aqc.ch\/fr\/#organization\"},\"potentialAction\":[{\"@type\":\"SearchAction\",\"target\":{\"@type\":\"EntryPoint\",\"urlTemplate\":\"https:\/\/aqc.ch\/fr\/?s={search_term_string}\"},\"query-input\":{\"@type\":\"PropertyValueSpecification\",\"valueRequired\":true,\"valueName\":\"search_term_string\"}}],\"inLanguage\":\"fr-FR\"},{\"@type\":\"Organization\",\"@id\":\"https:\/\/aqc.ch\/fr\/#organization\",\"name\":\"AQC - Arbeitsgemeinschaft f\u00fcr die Qualit\u00e4tssicherung in den Chirurgischen Disziplinen\",\"url\":\"https:\/\/aqc.ch\/fr\/\",\"logo\":{\"@type\":\"ImageObject\",\"inLanguage\":\"fr-FR\",\"@id\":\"https:\/\/aqc.ch\/fr\/#\/schema\/logo\/image\/\",\"url\":\"https:\/\/aqc.ch\/wp-content\/uploads\/2020\/08\/AQC-Logo-320.jpg\",\"contentUrl\":\"https:\/\/aqc.ch\/wp-content\/uploads\/2020\/08\/AQC-Logo-320.jpg\",\"width\":320,\"height\":202,\"caption\":\"AQC - Arbeitsgemeinschaft f\u00fcr die Qualit\u00e4tssicherung in den Chirurgischen Disziplinen\"},\"image\":{\"@id\":\"https:\/\/aqc.ch\/fr\/#\/schema\/logo\/image\/\"},\"sameAs\":[\"https:\/\/www.linkedin.com\/company\/aqc-arbeitsgemeinschaft-qualitaetssicherung\/\"]}]}<\/script>\n<!-- \/ Yoast SEO plugin. -->","yoast_head_json":{"title":"Mentions l\u00e9gales de l'AQC","robots":{"index":"index","follow":"follow","max-snippet":"max-snippet:-1","max-image-preview":"max-image-preview:large","max-video-preview":"max-video-preview:-1"},"canonical":"https:\/\/aqc.ch\/fr\/mentions-legales\/","og_locale":"fr_FR","og_type":"article","og_title":"Mentions l\u00e9gales de l'AQC","og_description":"Mentions l\u00e9galesAdresse de contact AQC Association pour l'assurance qualit\u00e9Birmensdorferstrasse 4708055 ZurichSuisse e-mail :aqc@aqc.ch &nbsp; Personne(s) habilit\u00e9e(s) \u00e0 repr\u00e9senter l'entreprise Dr. Luzi Rageth &nbsp; Contact technique Amplus WP-Praxishttps:\/\/amplus.ch\/ &nbsp; Clause de non-responsabilit\u00e9 L'auteur n'assume aucune responsabilit\u00e9 quant \u00e0 la v\u00e9racit\u00e9, l'exactitude, l'actualit\u00e9, la fiabilit\u00e9 et l'exhaustivit\u00e9 du contenu des informations. L'auteur ne saurait \u00eatre tenu pour [&hellip;]","og_url":"https:\/\/aqc.ch\/fr\/mentions-legales\/","og_site_name":"AQC","article_modified_time":"2024-05-13T13:10:50+00:00","og_image":[{"width":1200,"height":761,"url":"https:\/\/aqc.ch\/wp-content\/uploads\/2020\/11\/aqc-logo-1200-761.jpg","type":"image\/jpeg"}],"twitter_card":"summary_large_image","twitter_misc":{"Dur\u00e9e de lecture estim\u00e9e":"2 minutes"},"schema":{"@context":"https:\/\/schema.org","@graph":[{"@type":"WebPage","@id":"https:\/\/aqc.ch\/fr\/mentions-legales\/","url":"https:\/\/aqc.ch\/fr\/mentions-legales\/","name":"Mentions l\u00e9gales de l'AQC","isPartOf":{"@id":"https:\/\/aqc.ch\/fr\/#website"},"datePublished":"2020-10-08T13:02:28+00:00","dateModified":"2024-05-13T13:10:50+00:00","breadcrumb":{"@id":"https:\/\/aqc.ch\/fr\/mentions-legales\/#breadcrumb"},"inLanguage":"fr-FR","potentialAction":[{"@type":"ReadAction","target":["https:\/\/aqc.ch\/fr\/mentions-legales\/"]}]},{"@type":"BreadcrumbList","@id":"https:\/\/aqc.ch\/fr\/mentions-legales\/#breadcrumb","itemListElement":[{"@type":"ListItem","position":1,"name":"Startseite","item":"https:\/\/aqc.ch\/fr\/page-daccueil-de-laqc\/"},{"@type":"ListItem","position":2,"name":"Mentions l\u00e9gales"}]},{"@type":"WebSite","@id":"https:\/\/aqc.ch\/fr\/#website","url":"https:\/\/aqc.ch\/fr\/","name":"AQC","description":"Arbeitsgemeinschaft f\u00fcr die Qualit\u00e4tssicherung in der Chirurgie","publisher":{"@id":"https:\/\/aqc.ch\/fr\/#organization"},"potentialAction":[{"@type":"SearchAction","target":{"@type":"EntryPoint","urlTemplate":"https:\/\/aqc.ch\/fr\/?s={search_term_string}"},"query-input":{"@type":"PropertyValueSpecification","valueRequired":true,"valueName":"search_term_string"}}],"inLanguage":"fr-FR"},{"@type":"Organization","@id":"https:\/\/aqc.ch\/fr\/#organization","name":"AQC - Arbeitsgemeinschaft f\u00fcr die Qualit\u00e4tssicherung in den Chirurgischen Disziplinen","url":"https:\/\/aqc.ch\/fr\/","logo":{"@type":"ImageObject","inLanguage":"fr-FR","@id":"https:\/\/aqc.ch\/fr\/#\/schema\/logo\/image\/","url":"https:\/\/aqc.ch\/wp-content\/uploads\/2020\/08\/AQC-Logo-320.jpg","contentUrl":"https:\/\/aqc.ch\/wp-content\/uploads\/2020\/08\/AQC-Logo-320.jpg","width":320,"height":202,"caption":"AQC - Arbeitsgemeinschaft f\u00fcr die Qualit\u00e4tssicherung in den Chirurgischen Disziplinen"},"image":{"@id":"https:\/\/aqc.ch\/fr\/#\/schema\/logo\/image\/"},"sameAs":["https:\/\/www.linkedin.com\/company\/aqc-arbeitsgemeinschaft-qualitaetssicherung\/"]}]}},"_links":{"self":[{"href":"https:\/\/aqc.ch\/fr\/wp-json\/wp\/v2\/pages\/30293","targetHints":{"allow":["GET"]}}],"collection":[{"href":"https:\/\/aqc.ch\/fr\/wp-json\/wp\/v2\/pages"}],"about":[{"href":"https:\/\/aqc.ch\/fr\/wp-json\/wp\/v2\/types\/page"}],"author":[{"embeddable":true,"href":"https:\/\/aqc.ch\/fr\/wp-json\/wp\/v2\/users\/1"}],"replies":[{"embeddable":true,"href":"https:\/\/aqc.ch\/fr\/wp-json\/wp\/v2\/comments?post=30293"}],"version-history":[{"count":14,"href":"https:\/\/aqc.ch\/fr\/wp-json\/wp\/v2\/pages\/30293\/revisions"}],"predecessor-version":[{"id":31012,"href":"https:\/\/aqc.ch\/fr\/wp-json\/wp\/v2\/pages\/30293\/revisions\/31012"}],"wp:attachment":[{"href":"https:\/\/aqc.ch\/fr\/wp-json\/wp\/v2\/media?parent=30293"}],"curies":[{"name":"wp","href":"https:\/\/api.w.org\/{rel}","templated":true}]}}