{"id":30271,"date":"2020-10-08T09:08:20","date_gmt":"2020-10-08T09:08:20","guid":{"rendered":"https:\/\/aqc.ch\/participation-a-laqc\/participation-et-couts\/"},"modified":"2024-05-13T13:08:43","modified_gmt":"2024-05-13T13:08:43","slug":"participation-et-couts","status":"publish","type":"page","link":"https:\/\/aqc.ch\/fr\/participation-a-laqc\/participation-et-couts\/","title":{"rendered":"Participation et frais"},"content":{"rendered":"<p>[et_pb_section fb_built=\u00a0\u00bb1&Prime; admin_label=\u00a0\u00bbsection\u00a0\u00bb _builder_version=\u00a0\u00bb4.16&Prime; background_image=\u00a0\u00bbhttps:\/\/aqc.ch\/wp-content\/uploads\/2020\/08\/scott-graham-5fNmWej4tAA-unsplash-2.jpg\u00a0\u00bb background_position=\u00a0\u00bbtop_left\u00a0\u00bb custom_padding=\u00a0\u00bb||4px|||\u00a0\u00bb border_width_top=\u00a0\u00bb3px\u00a0\u00bb border_color_top=\u00a0\u00bb#f7a409&Prime; global_colors_info=\u00a0\u00bb{}\u00a0\u00bb][et_pb_row admin_label=\u00a0\u00bbrow\u00a0\u00bb _builder_version=\u00a0\u00bb4.16&Prime; background_size=\u00a0\u00bbinitial\u00a0\u00bb background_position=\u00a0\u00bbtop_left\u00a0\u00bb background_repeat=\u00a0\u00bbrepeat\u00a0\u00bb global_colors_info=\u00a0\u00bb{}\u00a0\u00bb][et_pb_column type=\u00a0\u00bb4_4&Prime; _builder_version=\u00a0\u00bb4.16&Prime; custom_padding=\u00a0\u00bb|||\u00a0\u00bb global_colors_info=\u00a0\u00bb{}\u00a0\u00bb custom_padding__hover=\u00a0\u00bb|||\u00a0\u00bb][et_pb_text _builder_version=\u00a0\u00bb4.16&Prime; text_text_color=\u00a0\u00bb#ffffff\u00a0\u00bb header_text_align=\u00a0\u00bbcenter\u00a0\u00bb header_text_color=\u00a0\u00bb#ffffff\u00a0\u00bb text_orientation=\u00a0\u00bbcenter\u00a0\u00bb custom_margin=\u00a0\u00bb||2px|||\u00a0\u00bb global_colors_info=\u00a0\u00bb{}\u00a0\u00bb]<\/p>\n<h1>Les co\u00fbts AQC<\/h1>\n<p>&nbsp;<\/p>\n<p>Avoir la ma\u00eetrise de ses propres donn\u00e9es et savoir o\u00f9 vous en \u00eates avec votre clinique est de la plus haute valeur. La transparence et la certitude d&rsquo;offrir une qualit\u00e9 de traitement optimale sont aujourd&rsquo;hui indispensables pour le positionnement de votre clinique. L&rsquo;AQC s&rsquo;est toujours efforc\u00e9e de r\u00e9duire au maximum les co\u00fbts. Que ce soit par l&rsquo;optimisation des charges internes \u00e0 la clinique ou par les co\u00fbts externes avantageux.<\/p>\n<p>&nbsp;<\/p>\n<p>[\/et_pb_text][et_pb_divider _builder_version=\u00a0\u00bb4.16&Prime; global_colors_info=\u00a0\u00bb{}\u00a0\u00bb][\/et_pb_divider][\/et_pb_column][\/et_pb_row][\/et_pb_section][et_pb_section fb_built=\u00a0\u00bb1&Prime; admin_label=\u00a0\u00bbAQC-Elevator Pitch\u00a0\u00bb _builder_version=\u00a0\u00bb4.16&Prime; global_colors_info=\u00a0\u00bb{}\u00a0\u00bb][et_pb_row _builder_version=\u00a0\u00bb4.16&Prime; global_colors_info=\u00a0\u00bb{}\u00a0\u00bb][et_pb_column type=\u00a0\u00bb4_4&Prime; _builder_version=\u00a0\u00bb4.16&Prime; global_colors_info=\u00a0\u00bb{}\u00a0\u00bb][et_pb_text _builder_version=\u00a0\u00bb4.16&Prime; header_2_font=\u00a0\u00bb|700||on|||||\u00a0\u00bb header_2_font_size=\u00a0\u00bb42px\u00a0\u00bb header_2_line_height=\u00a0\u00bb1.3em\u00a0\u00bb width=\u00a0\u00bb100%\u00a0\u00bb custom_margin=\u00a0\u00bb||0px|||\u00a0\u00bb global_colors_info=\u00a0\u00bb{}\u00a0\u00bb]<\/p>\n<h2 style=\"text-align: center;\">NOS PRIX<\/h2>\n<p>[\/et_pb_text][et_pb_divider divider_weight=\u00a0\u00bb10px\u00a0\u00bb _builder_version=\u00a0\u00bb4.16&Prime; width=\u00a0\u00bb40%\u00a0\u00bb width_tablet=\u00a0\u00bb45%\u00a0\u00bb width_phone=\u00a0\u00bb50%\u00a0\u00bb width_last_edited=\u00a0\u00bbon|desktop\u00a0\u00bb max_width=\u00a0\u00bb50%\u00a0\u00bb custom_padding=\u00a0\u00bb15px||12px|||\u00a0\u00bb global_colors_info=\u00a0\u00bb{}\u00a0\u00bb][\/et_pb_divider][et_pb_text _builder_version=\u00a0\u00bb4.16&Prime; text_font=\u00a0\u00bb||||||||\u00a0\u00bb text_text_color=\u00a0\u00bb#747d88&Prime; text_font_size=\u00a0\u00bb20px\u00a0\u00bb text_orientation=\u00a0\u00bbcenter\u00a0\u00bb global_colors_info=\u00a0\u00bb{}\u00a0\u00bb]<\/p>\n<p>Vous pouvez faire livrer vos donn\u00e9es directement depuis le syst\u00e8me d&rsquo;information de la clinique ou vous pouvez saisir les donn\u00e9es manuellement. Ou une combinaison des deux. C&rsquo;est ce qui s&rsquo;adapte le mieux \u00e0 votre processus.<\/p>\n<p>[\/et_pb_text][\/et_pb_column][\/et_pb_row][\/et_pb_section][et_pb_section fb_built=\u00a0\u00bb1&Prime; _builder_version=\u00a0\u00bb4.16&Prime; background_color=\u00a0\u00bb#f7f7f7&Prime; global_colors_info=\u00a0\u00bb{}\u00a0\u00bb][et_pb_row column_structure=\u00a0\u00bb1_2,1_2&Prime; make_equal=\u00a0\u00bbon\u00a0\u00bb _builder_version=\u00a0\u00bb4.16&Prime; global_colors_info=\u00a0\u00bb{}\u00a0\u00bb][et_pb_column type=\u00a0\u00bb1_2&Prime; _builder_version=\u00a0\u00bb4.16&Prime; global_colors_info=\u00a0\u00bb{}\u00a0\u00bb][et_pb_text _builder_version=\u00a0\u00bb4.16&Prime; text_text_color=\u00a0\u00bb#747d88&Prime; text_font_size=\u00a0\u00bb18px\u00a0\u00bb header_3_font=\u00a0\u00bbRoboto|700|||||||\u00a0\u00bb header_3_line_height=\u00a0\u00bb1.8em\u00a0\u00bb header_5_text_color=\u00a0\u00bb#747d88&Prime; header_5_font_size=\u00a0\u00bb12px\u00a0\u00bb background_color=\u00a0\u00bb#ffffff\u00a0\u00bb custom_padding=\u00a0\u00bb10%|0px|10%|5%|true|false\u00a0\u00bb box_shadow_style=\u00a0\u00bbpreset1&Prime; box_shadow_vertical=\u00a0\u00bb0px\u00a0\u00bb box_shadow_blur=\u00a0\u00bb80px\u00a0\u00bb box_shadow_color=\u00a0\u00bbrgba(0,0,0,0.2)\u00a0\u00bb global_colors_info=\u00a0\u00bb{}\u00a0\u00bb]<\/p>\n<h3>IMPORTATION DE DONN\u00c9ES<\/h3>\n<p>La saisie des donn\u00e9es s&rsquo;effectue dans votre syst\u00e8me d&rsquo;information clinique.<\/p>\n<ul>\n<li>Aucune autre saisie manuelle n&rsquo;est n\u00e9cessaire pour les donn\u00e9es CQA<\/li>\n<li>Prise en charge des principaux syst\u00e8mes d&rsquo;information hospitaliers<\/li>\n<li>Les donn\u00e9es du monde r\u00e9el des cas cliniques sont automatiquement utilis\u00e9es<\/li>\n<\/ul>\n<p>Prix par cas en CHF :<\/p>\n<p>2023 <strong>3.10, <\/strong>2024 3.40, 2025 3.70, 2026 4.00, 2027 4.30<\/p>\n<p>4.30 en cas d&rsquo;utilisation de l&rsquo;interface de service web.<\/p>\n<p>&nbsp;<\/p>\n<h5>Mise \u00e0 jour : 16.11.2018 &#8211; Prix valables jusqu&rsquo;en 2027 excl. Inflation<\/h5>\n<p>[\/et_pb_text][\/et_pb_column][et_pb_column type=\u00a0\u00bb1_2&Prime; _builder_version=\u00a0\u00bb4.16&Prime; global_colors_info=\u00a0\u00bb{}\u00a0\u00bb][et_pb_text _builder_version=\u00a0\u00bb4.16&Prime; text_text_color=\u00a0\u00bb#747d88&Prime; text_font_size=\u00a0\u00bb18px\u00a0\u00bb header_3_font=\u00a0\u00bbRoboto|700|||||||\u00a0\u00bb header_3_line_height=\u00a0\u00bb1.8em\u00a0\u00bb header_5_text_color=\u00a0\u00bb#747d88&Prime; header_5_font_size=\u00a0\u00bb12px\u00a0\u00bb background_color=\u00a0\u00bb#ffffff\u00a0\u00bb custom_padding=\u00a0\u00bb10%|5%|10%|5%|true|true\u00a0\u00bb box_shadow_style=\u00a0\u00bbpreset1&Prime; box_shadow_vertical=\u00a0\u00bb0px\u00a0\u00bb box_shadow_blur=\u00a0\u00bb80px\u00a0\u00bb box_shadow_color=\u00a0\u00bbrgba(0,0,0,0.2)\u00a0\u00bb global_colors_info=\u00a0\u00bb{}\u00a0\u00bb]<\/p>\n<h3><\/h3>\n<h3>SAISIE MANUELLE<\/h3>\n<p>La saisie des donn\u00e9es se fait en ligne via adjumed.net<\/p>\n<ul>\n<li>Vos employ\u00e9s saisissent les donn\u00e9es<\/li>\n<li>Pas de connexion n\u00e9cessaire au syst\u00e8me d&rsquo;information de la clinique<\/li>\n<li>La saisie est simple et possible de n&rsquo;importe o\u00f9 avec tous les outils et navigateurs courants.<\/li>\n<\/ul>\n<p>Prix par cas : CHF 5.80 en cas de saisie manuelle.<\/p>\n<p>&nbsp;<\/p>\n<h5>Mise \u00e0 jour : 16.11.2018 &#8211; Prix valables jusqu&rsquo;en 2027 excl. Inflation<\/h5>\n<p>[\/et_pb_text][\/et_pb_column][\/et_pb_row][\/et_pb_section]<\/p>\n","protected":false},"excerpt":{"rendered":"<p>Les co\u00fbts AQC &nbsp; Avoir la ma\u00eetrise de ses propres donn\u00e9es et savoir o\u00f9 vous en \u00eates avec votre clinique est de la plus haute valeur. La transparence et la certitude d&rsquo;offrir une qualit\u00e9 de traitement optimale sont aujourd&rsquo;hui indispensables pour le positionnement de votre clinique. L&rsquo;AQC s&rsquo;est toujours efforc\u00e9e de r\u00e9duire au maximum les [&hellip;]<\/p>\n","protected":false},"author":1,"featured_media":0,"parent":30257,"menu_order":0,"comment_status":"closed","ping_status":"closed","template":"","meta":{"_et_pb_use_builder":"on","_et_pb_old_content":"","_et_gb_content_width":"","footnotes":""},"class_list":["post-30271","page","type-page","status-publish","hentry"],"yoast_head":"<!-- This site is optimized with the Yoast SEO plugin v27.2 - https:\/\/yoast.com\/product\/yoast-seo-wordpress\/ -->\n<title>Participer \u00e0 l&#039;AQC | Co\u00fbts et avantages pour les participants<\/title>\n<meta name=\"description\" content=\"Comment pouvez-vous faire partie de l&#039;AQC ? Quels sont vos avantages en tant que membre de l&#039;AQC ? D\u00e9couvrez pourquoi 95% des h\u00f4pitaux suisses participent \u00e0 l&#039;AQC.\" \/>\n<meta name=\"robots\" content=\"index, follow, max-snippet:-1, max-image-preview:large, max-video-preview:-1\" \/>\n<link rel=\"canonical\" href=\"https:\/\/aqc.ch\/fr\/participation-a-laqc\/participation-et-couts\/\" \/>\n<meta property=\"og:locale\" content=\"fr_FR\" \/>\n<meta property=\"og:type\" content=\"article\" \/>\n<meta property=\"og:title\" content=\"Participer \u00e0 l&#039;AQC | Co\u00fbts et avantages pour les participants\" \/>\n<meta property=\"og:description\" content=\"Comment pouvez-vous faire partie de l&#039;AQC ? Quels sont vos avantages en tant que membre de l&#039;AQC ? D\u00e9couvrez pourquoi 95% des h\u00f4pitaux suisses participent \u00e0 l&#039;AQC.\" \/>\n<meta property=\"og:url\" content=\"https:\/\/aqc.ch\/fr\/participation-a-laqc\/participation-et-couts\/\" \/>\n<meta property=\"og:site_name\" content=\"AQC\" \/>\n<meta property=\"article:modified_time\" content=\"2024-05-13T13:08:43+00:00\" \/>\n<meta property=\"og:image\" content=\"https:\/\/aqc.ch\/wp-content\/uploads\/2020\/11\/aqc-logo-1200-761.jpg\" \/>\n\t<meta property=\"og:image:width\" content=\"1200\" \/>\n\t<meta property=\"og:image:height\" content=\"761\" \/>\n\t<meta property=\"og:image:type\" content=\"image\/jpeg\" \/>\n<meta name=\"twitter:card\" content=\"summary_large_image\" \/>\n<meta name=\"twitter:label1\" content=\"Dur\u00e9e de lecture estim\u00e9e\" \/>\n\t<meta name=\"twitter:data1\" content=\"3 minutes\" \/>\n<script type=\"application\/ld+json\" class=\"yoast-schema-graph\">{\"@context\":\"https:\/\/schema.org\",\"@graph\":[{\"@type\":\"WebPage\",\"@id\":\"https:\/\/aqc.ch\/fr\/participation-a-laqc\/participation-et-couts\/\",\"url\":\"https:\/\/aqc.ch\/fr\/participation-a-laqc\/participation-et-couts\/\",\"name\":\"Participer \u00e0 l'AQC | Co\u00fbts et avantages pour les participants\",\"isPartOf\":{\"@id\":\"https:\/\/aqc.ch\/fr\/#website\"},\"datePublished\":\"2020-10-08T09:08:20+00:00\",\"dateModified\":\"2024-05-13T13:08:43+00:00\",\"description\":\"Comment pouvez-vous faire partie de l'AQC ? Quels sont vos avantages en tant que membre de l'AQC ? D\u00e9couvrez pourquoi 95% des h\u00f4pitaux suisses participent \u00e0 l'AQC.\",\"breadcrumb\":{\"@id\":\"https:\/\/aqc.ch\/fr\/participation-a-laqc\/participation-et-couts\/#breadcrumb\"},\"inLanguage\":\"fr-FR\",\"potentialAction\":[{\"@type\":\"ReadAction\",\"target\":[\"https:\/\/aqc.ch\/fr\/participation-a-laqc\/participation-et-couts\/\"]}]},{\"@type\":\"BreadcrumbList\",\"@id\":\"https:\/\/aqc.ch\/fr\/participation-a-laqc\/participation-et-couts\/#breadcrumb\",\"itemListElement\":[{\"@type\":\"ListItem\",\"position\":1,\"name\":\"Startseite\",\"item\":\"https:\/\/aqc.ch\/fr\/page-daccueil-de-laqc\/\"},{\"@type\":\"ListItem\",\"position\":2,\"name\":\"Participation \u00e0 l&#8217;AQC\",\"item\":\"https:\/\/aqc.ch\/fr\/aqc-teilnahme\/\"},{\"@type\":\"ListItem\",\"position\":3,\"name\":\"Participation et frais\"}]},{\"@type\":\"WebSite\",\"@id\":\"https:\/\/aqc.ch\/fr\/#website\",\"url\":\"https:\/\/aqc.ch\/fr\/\",\"name\":\"AQC\",\"description\":\"Arbeitsgemeinschaft f\u00fcr die Qualit\u00e4tssicherung in der Chirurgie\",\"publisher\":{\"@id\":\"https:\/\/aqc.ch\/fr\/#organization\"},\"potentialAction\":[{\"@type\":\"SearchAction\",\"target\":{\"@type\":\"EntryPoint\",\"urlTemplate\":\"https:\/\/aqc.ch\/fr\/?s={search_term_string}\"},\"query-input\":{\"@type\":\"PropertyValueSpecification\",\"valueRequired\":true,\"valueName\":\"search_term_string\"}}],\"inLanguage\":\"fr-FR\"},{\"@type\":\"Organization\",\"@id\":\"https:\/\/aqc.ch\/fr\/#organization\",\"name\":\"AQC - Arbeitsgemeinschaft f\u00fcr die Qualit\u00e4tssicherung in den Chirurgischen Disziplinen\",\"url\":\"https:\/\/aqc.ch\/fr\/\",\"logo\":{\"@type\":\"ImageObject\",\"inLanguage\":\"fr-FR\",\"@id\":\"https:\/\/aqc.ch\/fr\/#\/schema\/logo\/image\/\",\"url\":\"https:\/\/aqc.ch\/wp-content\/uploads\/2020\/08\/AQC-Logo-320.jpg\",\"contentUrl\":\"https:\/\/aqc.ch\/wp-content\/uploads\/2020\/08\/AQC-Logo-320.jpg\",\"width\":320,\"height\":202,\"caption\":\"AQC - Arbeitsgemeinschaft f\u00fcr die Qualit\u00e4tssicherung in den Chirurgischen Disziplinen\"},\"image\":{\"@id\":\"https:\/\/aqc.ch\/fr\/#\/schema\/logo\/image\/\"},\"sameAs\":[\"https:\/\/www.linkedin.com\/company\/aqc-arbeitsgemeinschaft-qualitaetssicherung\/\"]}]}<\/script>\n<!-- \/ Yoast SEO plugin. -->","yoast_head_json":{"title":"Participer \u00e0 l'AQC | Co\u00fbts et avantages pour les participants","description":"Comment pouvez-vous faire partie de l'AQC ? Quels sont vos avantages en tant que membre de l'AQC ? D\u00e9couvrez pourquoi 95% des h\u00f4pitaux suisses participent \u00e0 l'AQC.","robots":{"index":"index","follow":"follow","max-snippet":"max-snippet:-1","max-image-preview":"max-image-preview:large","max-video-preview":"max-video-preview:-1"},"canonical":"https:\/\/aqc.ch\/fr\/participation-a-laqc\/participation-et-couts\/","og_locale":"fr_FR","og_type":"article","og_title":"Participer \u00e0 l'AQC | Co\u00fbts et avantages pour les participants","og_description":"Comment pouvez-vous faire partie de l'AQC ? Quels sont vos avantages en tant que membre de l'AQC ? D\u00e9couvrez pourquoi 95% des h\u00f4pitaux suisses participent \u00e0 l'AQC.","og_url":"https:\/\/aqc.ch\/fr\/participation-a-laqc\/participation-et-couts\/","og_site_name":"AQC","article_modified_time":"2024-05-13T13:08:43+00:00","og_image":[{"width":1200,"height":761,"url":"https:\/\/aqc.ch\/wp-content\/uploads\/2020\/11\/aqc-logo-1200-761.jpg","type":"image\/jpeg"}],"twitter_card":"summary_large_image","twitter_misc":{"Dur\u00e9e de lecture estim\u00e9e":"3 minutes"},"schema":{"@context":"https:\/\/schema.org","@graph":[{"@type":"WebPage","@id":"https:\/\/aqc.ch\/fr\/participation-a-laqc\/participation-et-couts\/","url":"https:\/\/aqc.ch\/fr\/participation-a-laqc\/participation-et-couts\/","name":"Participer \u00e0 l'AQC | Co\u00fbts et avantages pour les participants","isPartOf":{"@id":"https:\/\/aqc.ch\/fr\/#website"},"datePublished":"2020-10-08T09:08:20+00:00","dateModified":"2024-05-13T13:08:43+00:00","description":"Comment pouvez-vous faire partie de l'AQC ? Quels sont vos avantages en tant que membre de l'AQC ? D\u00e9couvrez pourquoi 95% des h\u00f4pitaux suisses participent \u00e0 l'AQC.","breadcrumb":{"@id":"https:\/\/aqc.ch\/fr\/participation-a-laqc\/participation-et-couts\/#breadcrumb"},"inLanguage":"fr-FR","potentialAction":[{"@type":"ReadAction","target":["https:\/\/aqc.ch\/fr\/participation-a-laqc\/participation-et-couts\/"]}]},{"@type":"BreadcrumbList","@id":"https:\/\/aqc.ch\/fr\/participation-a-laqc\/participation-et-couts\/#breadcrumb","itemListElement":[{"@type":"ListItem","position":1,"name":"Startseite","item":"https:\/\/aqc.ch\/fr\/page-daccueil-de-laqc\/"},{"@type":"ListItem","position":2,"name":"Participation \u00e0 l&#8217;AQC","item":"https:\/\/aqc.ch\/fr\/aqc-teilnahme\/"},{"@type":"ListItem","position":3,"name":"Participation et frais"}]},{"@type":"WebSite","@id":"https:\/\/aqc.ch\/fr\/#website","url":"https:\/\/aqc.ch\/fr\/","name":"AQC","description":"Arbeitsgemeinschaft f\u00fcr die Qualit\u00e4tssicherung in der Chirurgie","publisher":{"@id":"https:\/\/aqc.ch\/fr\/#organization"},"potentialAction":[{"@type":"SearchAction","target":{"@type":"EntryPoint","urlTemplate":"https:\/\/aqc.ch\/fr\/?s={search_term_string}"},"query-input":{"@type":"PropertyValueSpecification","valueRequired":true,"valueName":"search_term_string"}}],"inLanguage":"fr-FR"},{"@type":"Organization","@id":"https:\/\/aqc.ch\/fr\/#organization","name":"AQC - Arbeitsgemeinschaft f\u00fcr die Qualit\u00e4tssicherung in den Chirurgischen Disziplinen","url":"https:\/\/aqc.ch\/fr\/","logo":{"@type":"ImageObject","inLanguage":"fr-FR","@id":"https:\/\/aqc.ch\/fr\/#\/schema\/logo\/image\/","url":"https:\/\/aqc.ch\/wp-content\/uploads\/2020\/08\/AQC-Logo-320.jpg","contentUrl":"https:\/\/aqc.ch\/wp-content\/uploads\/2020\/08\/AQC-Logo-320.jpg","width":320,"height":202,"caption":"AQC - Arbeitsgemeinschaft f\u00fcr die Qualit\u00e4tssicherung in den Chirurgischen Disziplinen"},"image":{"@id":"https:\/\/aqc.ch\/fr\/#\/schema\/logo\/image\/"},"sameAs":["https:\/\/www.linkedin.com\/company\/aqc-arbeitsgemeinschaft-qualitaetssicherung\/"]}]}},"_links":{"self":[{"href":"https:\/\/aqc.ch\/fr\/wp-json\/wp\/v2\/pages\/30271","targetHints":{"allow":["GET"]}}],"collection":[{"href":"https:\/\/aqc.ch\/fr\/wp-json\/wp\/v2\/pages"}],"about":[{"href":"https:\/\/aqc.ch\/fr\/wp-json\/wp\/v2\/types\/page"}],"author":[{"embeddable":true,"href":"https:\/\/aqc.ch\/fr\/wp-json\/wp\/v2\/users\/1"}],"replies":[{"embeddable":true,"href":"https:\/\/aqc.ch\/fr\/wp-json\/wp\/v2\/comments?post=30271"}],"version-history":[{"count":9,"href":"https:\/\/aqc.ch\/fr\/wp-json\/wp\/v2\/pages\/30271\/revisions"}],"predecessor-version":[{"id":31010,"href":"https:\/\/aqc.ch\/fr\/wp-json\/wp\/v2\/pages\/30271\/revisions\/31010"}],"up":[{"embeddable":true,"href":"https:\/\/aqc.ch\/fr\/wp-json\/wp\/v2\/pages\/30257"}],"wp:attachment":[{"href":"https:\/\/aqc.ch\/fr\/wp-json\/wp\/v2\/media?parent=30271"}],"curies":[{"name":"wp","href":"https:\/\/api.w.org\/{rel}","templated":true}]}}