{"id":30155,"date":"2020-10-07T13:28:42","date_gmt":"2020-10-07T13:28:42","guid":{"rendered":"https:\/\/aqc.ch\/communaute-aqc\/appel-de-la-ssc-fmch\/"},"modified":"2025-08-05T16:43:12","modified_gmt":"2025-08-05T16:43:12","slug":"appel-de-la-ssc-fmch","status":"publish","type":"page","link":"https:\/\/aqc.ch\/fr\/communaute-aqc\/appel-de-la-ssc-fmch\/","title":{"rendered":"Appel SGC\/fmCH"},"content":{"rendered":"<p>[et_pb_section fb_built=\u00a0\u00bb1&Prime; admin_label=\u00a0\u00bbHeader 2&Prime; _builder_version=\u00a0\u00bb4.16&Prime; background_color=\u00a0\u00bb#1d1d1b\u00a0\u00bb background_image=\u00a0\u00bbhttps:\/\/aqc.ch\/wp-content\/uploads\/2020\/08\/DSC03228-3-1-1.jpg\u00a0\u00bb custom_padding=\u00a0\u00bb||4px|||\u00a0\u00bb border_width_top=\u00a0\u00bb3px\u00a0\u00bb border_color_top=\u00a0\u00bb#f7a409&Prime; global_colors_info=\u00a0\u00bb{}\u00a0\u00bb][et_pb_row admin_label=\u00a0\u00bbrow\u00a0\u00bb _builder_version=\u00a0\u00bb4.16&Prime; background_size=\u00a0\u00bbinitial\u00a0\u00bb background_position=\u00a0\u00bbtop_left\u00a0\u00bb background_repeat=\u00a0\u00bbrepeat\u00a0\u00bb global_colors_info=\u00a0\u00bb{}\u00a0\u00bb][et_pb_column type=\u00a0\u00bb4_4&Prime; _builder_version=\u00a0\u00bb4.16&Prime; custom_padding=\u00a0\u00bb|||\u00a0\u00bb global_colors_info=\u00a0\u00bb{}\u00a0\u00bb custom_padding__hover=\u00a0\u00bb|||\u00a0\u00bb][et_pb_text _builder_version=\u00a0\u00bb4.16&Prime; header_text_align=\u00a0\u00bbcenter\u00a0\u00bb header_text_color=\u00a0\u00bb#ffffff\u00a0\u00bb custom_margin=\u00a0\u00bb||2px|||\u00a0\u00bb global_colors_info=\u00a0\u00bb{}\u00a0\u00bb]<\/p>\n<h1>Aufruf der SGC zur Teilnahme<\/h1>\n<p>[\/et_pb_text][et_pb_text _builder_version=\u00a0\u00bb4.16&Prime; text_font=\u00a0\u00bb||||||||\u00a0\u00bb text_text_color=\u00a0\u00bb#e3e3e3&Prime; text_font_size=\u00a0\u00bb20px\u00a0\u00bb text_orientation=\u00a0\u00bbcenter\u00a0\u00bb min_height=\u00a0\u00bb93px\u00a0\u00bb custom_padding=\u00a0\u00bb25px|||||\u00a0\u00bb global_colors_info=\u00a0\u00bb{}\u00a0\u00bb]<\/p>\n<p>Depuis 1999, tous les pr\u00e9sidents de la <a href=\"https:\/\/sgc-ssc.ch\/\">SSC Soci\u00e9t\u00e9 suisse de chirurgie <\/a>ont recommand\u00e9 la participation \u00e0 l&rsquo;AQC. Nous sommes fiers de cette reconnaissance de notre travail et nous remercions vivement pour ce soutien.<\/p>\n<p>Nous publions ici l&rsquo;appel actuel ainsi que les archives de toutes les lettres de soutien envoy\u00e9es jusqu&rsquo;\u00e0 pr\u00e9sent.<\/p>\n<p>[\/et_pb_text][et_pb_divider _builder_version=\u00a0\u00bb4.16&Prime; global_colors_info=\u00a0\u00bb{}\u00a0\u00bb][\/et_pb_divider][\/et_pb_column][\/et_pb_row][\/et_pb_section][et_pb_section fb_built=\u00a0\u00bb1&Prime; admin_label=\u00a0\u00bbText\u00a0\u00bb _builder_version=\u00a0\u00bb4.16&Prime; global_colors_info=\u00a0\u00bb{}\u00a0\u00bb][et_pb_row column_structure=\u00a0\u00bb2_5,3_5&Prime; _builder_version=\u00a0\u00bb4.16&Prime; global_colors_info=\u00a0\u00bb{}\u00a0\u00bb][et_pb_column type=\u00a0\u00bb2_5&Prime; _builder_version=\u00a0\u00bb4.16&Prime; global_colors_info=\u00a0\u00bb{}\u00a0\u00bb][et_pb_text _builder_version=\u00a0\u00bb4.23&Prime; header_2_font=\u00a0\u00bb|700|||||||\u00a0\u00bb header_2_text_align=\u00a0\u00bbright\u00a0\u00bb header_2_line_height=\u00a0\u00bb1.7em\u00a0\u00bb global_colors_info=\u00a0\u00bb{}\u00a0\u00bb]<\/p>\n<h2>Prof. Dr. med. Raffaele Rosso &#8211; 2024<\/h2>\n<p>[\/et_pb_text][\/et_pb_column][et_pb_column type=\u00a0\u00bb3_5&Prime; _builder_version=\u00a0\u00bb4.16&Prime; global_colors_info=\u00a0\u00bb{}\u00a0\u00bb][et_pb_image src=\u00a0\u00bbhttps:\/\/aqc.ch\/wp-content\/uploads\/2024\/05\/sgg-empfehlungsschreiben-2024-screenshot.jpg\u00a0\u00bb alt=\u00a0\u00bbT\u00e9l\u00e9copie de la lettre de soutien de la SSC 2017&Prime; title_text=\u00a0\u00bbT\u00e9l\u00e9copie de la lettre de soutien de la SSC 2017&Prime; url=\u00a0\u00bbhttps:\/\/adjumed.com\/download\/empfehlungsschreiben-sgc-aqc-januar-2024.pdf\u00a0\u00bb _builder_version=\u00a0\u00bb4.27.4&Prime; hover_enabled=\u00a0\u00bb0&Prime; global_colors_info=\u00a0\u00bb{}\u00a0\u00bb sticky_enabled=\u00a0\u00bb0&Prime;][\/et_pb_image][\/et_pb_column][\/et_pb_row][\/et_pb_section][et_pb_section fb_built=\u00a0\u00bb1&Prime; admin_label=\u00a0\u00bbAQC-Elevator Pitch\u00a0\u00bb _builder_version=\u00a0\u00bb4.16&Prime; custom_padding=\u00a0\u00bb||3px|||\u00a0\u00bb global_colors_info=\u00a0\u00bb{}\u00a0\u00bb][et_pb_row _builder_version=\u00a0\u00bb4.16&Prime; global_colors_info=\u00a0\u00bb{}\u00a0\u00bb][et_pb_column type=\u00a0\u00bb4_4&Prime; _builder_version=\u00a0\u00bb4.16&Prime; global_colors_info=\u00a0\u00bb{}\u00a0\u00bb][et_pb_text _builder_version=\u00a0\u00bb4.16&Prime; header_2_font=\u00a0\u00bb|700||on|||||\u00a0\u00bb header_2_font_size=\u00a0\u00bb42px\u00a0\u00bb header_2_line_height=\u00a0\u00bb1.3em\u00a0\u00bb width=\u00a0\u00bb100%\u00a0\u00bb custom_margin=\u00a0\u00bb||0px|||\u00a0\u00bb global_colors_info=\u00a0\u00bb{}\u00a0\u00bb]<\/p>\n<h2 style=\"text-align: center;\">ARCHIVES DES LETTRES DE SOUTIEN<\/h2>\n<p>[\/et_pb_text][et_pb_divider divider_weight=\u00a0\u00bb10px\u00a0\u00bb _builder_version=\u00a0\u00bb4.16&Prime; max_width=\u00a0\u00bb50%\u00a0\u00bb custom_padding=\u00a0\u00bb15px||12px|||\u00a0\u00bb global_colors_info=\u00a0\u00bb{}\u00a0\u00bb][\/et_pb_divider][et_pb_text _builder_version=\u00a0\u00bb4.16&Prime; text_font=\u00a0\u00bb||||||||\u00a0\u00bb text_text_color=\u00a0\u00bb#747d88&Prime; text_font_size=\u00a0\u00bb20px\u00a0\u00bb text_orientation=\u00a0\u00bbcenter\u00a0\u00bb global_colors_info=\u00a0\u00bb{}\u00a0\u00bb]<\/p>\n<p>Ci-dessous, notre liste de toutes les lettres de soutien des pr\u00e9sidents de la SSC<\/p>\n<p>[\/et_pb_text][\/et_pb_column][\/et_pb_row][\/et_pb_section][et_pb_section fb_built=\u00a0\u00bb1&Prime; admin_label=\u00a0\u00bbText\u00a0\u00bb _builder_version=\u00a0\u00bb4.16&Prime; custom_padding=\u00a0\u00bb3px|||||\u00a0\u00bb global_colors_info=\u00a0\u00bb{}\u00a0\u00bb][et_pb_row column_structure=\u00a0\u00bb2_5,3_5&Prime; _builder_version=\u00a0\u00bb4.16&Prime; global_colors_info=\u00a0\u00bb{}\u00a0\u00bb][et_pb_column type=\u00a0\u00bb2_5&Prime; _builder_version=\u00a0\u00bb4.16&Prime; global_colors_info=\u00a0\u00bb{}\u00a0\u00bb][et_pb_text _builder_version=\u00a0\u00bb4.16&Prime; header_2_font=\u00a0\u00bb|700|||||||\u00a0\u00bb header_2_text_align=\u00a0\u00bbright\u00a0\u00bb header_2_line_height=\u00a0\u00bb1.7em\u00a0\u00bb global_colors_info=\u00a0\u00bb{}\u00a0\u00bb][\/et_pb_text][\/et_pb_column][et_pb_column type=\u00a0\u00bb3_5&Prime; _builder_version=\u00a0\u00bb4.16&Prime; global_colors_info=\u00a0\u00bb{}\u00a0\u00bb][et_pb_text _builder_version=\u00a0\u00bb4.23&Prime; text_text_color=\u00a0\u00bb#747d88&Prime; text_font_size=\u00a0\u00bb20px\u00a0\u00bb global_colors_info=\u00a0\u00bb{}\u00a0\u00bb]<\/p>\n<p><a href=\"https:\/\/aqc.ch\/wp-content\/uploads\/2024\/05\/empf2109empfehlungsschreiben_SGC_fuer_AQC.pdf\">Prof. Dr. med. Raffaele Rosso<\/a> &#8211; 2021<\/p>\n<p><a href=\"https:\/\/www.adjumed.com\/download\/sgc_1910stellungnahme_sgc_2019.pdf\">Prof. Dr. med Markus Furrer<\/a> &#8211; 2019<\/p>\n<p><a href=\"https:\/\/aqc.ch\/download\/sgc_1710stellungnahme_sgc_2017.pdf\">Prof. Marcel Jakob<\/a> &#8211; 2017<\/p>\n<p><a href=\"https:\/\/aqc.ch\/download\/sgc_1509stellungnahme_sgc_2015.pdf\">Prof. Dr. med. Raffaele Rosso<\/a> &#8211; 2015<\/p>\n<p><a href=\"https:\/\/aqc.ch\/download\/sgc_1309stellungnahme_sgc_2013.pdf\">Prof. Dr. med. Ralph Schmid <\/a>&#8211; 2013<\/p>\n<p><a href=\"https:\/\/aqc.ch\/download\/sgc_1010stellungnahme_sgc_2010.pdf\">Prof. Philippe Morel<\/a> &#8211; 2010<\/p>\n<p><a href=\"https:\/\/aqc.ch\/download\/sgc_809stellungnahme_sgc_2008.pdf\">Prof. Othmar Sch\u00f6b<\/a> &#8211; 2008<\/p>\n<p><a href=\"https:\/\/aqc.ch\/download\/sgc_610stellungnahme_sgc_2006.pdf\">Prof Dr. med. Michael Heberer<\/a> &#8211; 2006<\/p>\n<p><a href=\"https:\/\/aqc.ch\/download\/sgc_310stellungnahme_sgc_2003.pdf\">Prof. Urban Laffer<\/a> &#8211; 2003<\/p>\n<p><a href=\"https:\/\/www.adjumed.com\/download\/sgc_0010stellungnahme_sgc_2000.pdf\">Prof. Jean-Claud Givel<\/a> &#8211; 2000<\/p>\n<p><a href=\"https:\/\/www.adjumed.com\/download\/sgc_0906stellungnahme_sgc_1999.pdf\">Prof. Thomas R\u00fcedi<\/a> &#8211; 1999<\/p>\n<p>&nbsp;<\/p>\n<p>&nbsp;<\/p>\n<p>&nbsp;<\/p>\n<p>[\/et_pb_text][\/et_pb_column][\/et_pb_row][\/et_pb_section]<\/p>\n","protected":false},"excerpt":{"rendered":"<p>Aufruf der SGC zur TeilnahmeDepuis 1999, tous les pr\u00e9sidents de la SSC Soci\u00e9t\u00e9 suisse de chirurgie ont recommand\u00e9 la participation \u00e0 l&rsquo;AQC. Nous sommes fiers de cette reconnaissance de notre travail et nous remercions vivement pour ce soutien. Nous publions ici l&rsquo;appel actuel ainsi que les archives de toutes les lettres de soutien envoy\u00e9es jusqu&rsquo;\u00e0 [&hellip;]<\/p>\n","protected":false},"author":1,"featured_media":0,"parent":30088,"menu_order":0,"comment_status":"closed","ping_status":"closed","template":"","meta":{"_et_pb_use_builder":"on","_et_pb_old_content":"","_et_gb_content_width":"","footnotes":""},"class_list":["post-30155","page","type-page","status-publish","hentry"],"yoast_head":"<!-- This site is optimized with the Yoast SEO plugin v27.2 - https:\/\/yoast.com\/product\/yoast-seo-wordpress\/ -->\n<title>Appel de la SGC \u00e0 participer \u00e0 l&#039;AQC | Autres lettres de soutien<\/title>\n<meta name=\"description\" content=\"Depuis 2003, tous les pr\u00e9sidents de la SGC ont recommand\u00e9 la participation \u00e0 l&#039;AQC. Nous sommes fiers de cette reconnaissance de notre travail.\" \/>\n<meta name=\"robots\" content=\"index, follow, max-snippet:-1, max-image-preview:large, max-video-preview:-1\" \/>\n<link rel=\"canonical\" href=\"https:\/\/aqc.ch\/fr\/communaute-aqc\/appel-de-la-ssc-fmch\/\" \/>\n<meta property=\"og:locale\" content=\"fr_FR\" \/>\n<meta property=\"og:type\" content=\"article\" \/>\n<meta property=\"og:title\" content=\"Appel de la SGC \u00e0 participer \u00e0 l&#039;AQC | Autres lettres de soutien\" \/>\n<meta property=\"og:description\" content=\"Depuis 2003, tous les pr\u00e9sidents de la SGC ont recommand\u00e9 la participation \u00e0 l&#039;AQC. Nous sommes fiers de cette reconnaissance de notre travail.\" \/>\n<meta property=\"og:url\" content=\"https:\/\/aqc.ch\/fr\/communaute-aqc\/appel-de-la-ssc-fmch\/\" \/>\n<meta property=\"og:site_name\" content=\"AQC\" \/>\n<meta property=\"article:modified_time\" content=\"2025-08-05T16:43:12+00:00\" \/>\n<meta property=\"og:image\" content=\"https:\/\/aqc.ch\/wp-content\/uploads\/2020\/11\/aqc-logo-1200-761.jpg\" \/>\n\t<meta property=\"og:image:width\" content=\"1200\" \/>\n\t<meta property=\"og:image:height\" content=\"761\" \/>\n\t<meta property=\"og:image:type\" content=\"image\/jpeg\" \/>\n<meta name=\"twitter:card\" content=\"summary_large_image\" \/>\n<meta name=\"twitter:label1\" content=\"Dur\u00e9e de lecture estim\u00e9e\" \/>\n\t<meta name=\"twitter:data1\" content=\"3 minutes\" \/>\n<script type=\"application\/ld+json\" class=\"yoast-schema-graph\">{\"@context\":\"https:\/\/schema.org\",\"@graph\":[{\"@type\":\"WebPage\",\"@id\":\"https:\/\/aqc.ch\/fr\/communaute-aqc\/appel-de-la-ssc-fmch\/\",\"url\":\"https:\/\/aqc.ch\/fr\/communaute-aqc\/appel-de-la-ssc-fmch\/\",\"name\":\"Appel de la SGC \u00e0 participer \u00e0 l'AQC | Autres lettres de soutien\",\"isPartOf\":{\"@id\":\"https:\/\/aqc.ch\/fr\/#website\"},\"datePublished\":\"2020-10-07T13:28:42+00:00\",\"dateModified\":\"2025-08-05T16:43:12+00:00\",\"description\":\"Depuis 2003, tous les pr\u00e9sidents de la SGC ont recommand\u00e9 la participation \u00e0 l'AQC. Nous sommes fiers de cette reconnaissance de notre travail.\",\"breadcrumb\":{\"@id\":\"https:\/\/aqc.ch\/fr\/communaute-aqc\/appel-de-la-ssc-fmch\/#breadcrumb\"},\"inLanguage\":\"fr-FR\",\"potentialAction\":[{\"@type\":\"ReadAction\",\"target\":[\"https:\/\/aqc.ch\/fr\/communaute-aqc\/appel-de-la-ssc-fmch\/\"]}]},{\"@type\":\"BreadcrumbList\",\"@id\":\"https:\/\/aqc.ch\/fr\/communaute-aqc\/appel-de-la-ssc-fmch\/#breadcrumb\",\"itemListElement\":[{\"@type\":\"ListItem\",\"position\":1,\"name\":\"Startseite\",\"item\":\"https:\/\/aqc.ch\/fr\/page-daccueil-de-laqc\/\"},{\"@type\":\"ListItem\",\"position\":2,\"name\":\"Communaut\u00e9 AQC\",\"item\":\"https:\/\/aqc.ch\/fr\/communaute-aqc\/\"},{\"@type\":\"ListItem\",\"position\":3,\"name\":\"Appel SGC\/fmCH\"}]},{\"@type\":\"WebSite\",\"@id\":\"https:\/\/aqc.ch\/fr\/#website\",\"url\":\"https:\/\/aqc.ch\/fr\/\",\"name\":\"AQC\",\"description\":\"Arbeitsgemeinschaft f\u00fcr die Qualit\u00e4tssicherung in der Chirurgie\",\"publisher\":{\"@id\":\"https:\/\/aqc.ch\/fr\/#organization\"},\"potentialAction\":[{\"@type\":\"SearchAction\",\"target\":{\"@type\":\"EntryPoint\",\"urlTemplate\":\"https:\/\/aqc.ch\/fr\/?s={search_term_string}\"},\"query-input\":{\"@type\":\"PropertyValueSpecification\",\"valueRequired\":true,\"valueName\":\"search_term_string\"}}],\"inLanguage\":\"fr-FR\"},{\"@type\":\"Organization\",\"@id\":\"https:\/\/aqc.ch\/fr\/#organization\",\"name\":\"AQC - Arbeitsgemeinschaft f\u00fcr die Qualit\u00e4tssicherung in den Chirurgischen Disziplinen\",\"url\":\"https:\/\/aqc.ch\/fr\/\",\"logo\":{\"@type\":\"ImageObject\",\"inLanguage\":\"fr-FR\",\"@id\":\"https:\/\/aqc.ch\/fr\/#\/schema\/logo\/image\/\",\"url\":\"https:\/\/aqc.ch\/wp-content\/uploads\/2020\/08\/AQC-Logo-320.jpg\",\"contentUrl\":\"https:\/\/aqc.ch\/wp-content\/uploads\/2020\/08\/AQC-Logo-320.jpg\",\"width\":320,\"height\":202,\"caption\":\"AQC - Arbeitsgemeinschaft f\u00fcr die Qualit\u00e4tssicherung in den Chirurgischen Disziplinen\"},\"image\":{\"@id\":\"https:\/\/aqc.ch\/fr\/#\/schema\/logo\/image\/\"},\"sameAs\":[\"https:\/\/www.linkedin.com\/company\/aqc-arbeitsgemeinschaft-qualitaetssicherung\/\"]}]}<\/script>\n<!-- \/ Yoast SEO plugin. -->","yoast_head_json":{"title":"Appel de la SGC \u00e0 participer \u00e0 l'AQC | Autres lettres de soutien","description":"Depuis 2003, tous les pr\u00e9sidents de la SGC ont recommand\u00e9 la participation \u00e0 l'AQC. Nous sommes fiers de cette reconnaissance de notre travail.","robots":{"index":"index","follow":"follow","max-snippet":"max-snippet:-1","max-image-preview":"max-image-preview:large","max-video-preview":"max-video-preview:-1"},"canonical":"https:\/\/aqc.ch\/fr\/communaute-aqc\/appel-de-la-ssc-fmch\/","og_locale":"fr_FR","og_type":"article","og_title":"Appel de la SGC \u00e0 participer \u00e0 l'AQC | Autres lettres de soutien","og_description":"Depuis 2003, tous les pr\u00e9sidents de la SGC ont recommand\u00e9 la participation \u00e0 l'AQC. Nous sommes fiers de cette reconnaissance de notre travail.","og_url":"https:\/\/aqc.ch\/fr\/communaute-aqc\/appel-de-la-ssc-fmch\/","og_site_name":"AQC","article_modified_time":"2025-08-05T16:43:12+00:00","og_image":[{"width":1200,"height":761,"url":"https:\/\/aqc.ch\/wp-content\/uploads\/2020\/11\/aqc-logo-1200-761.jpg","type":"image\/jpeg"}],"twitter_card":"summary_large_image","twitter_misc":{"Dur\u00e9e de lecture estim\u00e9e":"3 minutes"},"schema":{"@context":"https:\/\/schema.org","@graph":[{"@type":"WebPage","@id":"https:\/\/aqc.ch\/fr\/communaute-aqc\/appel-de-la-ssc-fmch\/","url":"https:\/\/aqc.ch\/fr\/communaute-aqc\/appel-de-la-ssc-fmch\/","name":"Appel de la SGC \u00e0 participer \u00e0 l'AQC | Autres lettres de soutien","isPartOf":{"@id":"https:\/\/aqc.ch\/fr\/#website"},"datePublished":"2020-10-07T13:28:42+00:00","dateModified":"2025-08-05T16:43:12+00:00","description":"Depuis 2003, tous les pr\u00e9sidents de la SGC ont recommand\u00e9 la participation \u00e0 l'AQC. Nous sommes fiers de cette reconnaissance de notre travail.","breadcrumb":{"@id":"https:\/\/aqc.ch\/fr\/communaute-aqc\/appel-de-la-ssc-fmch\/#breadcrumb"},"inLanguage":"fr-FR","potentialAction":[{"@type":"ReadAction","target":["https:\/\/aqc.ch\/fr\/communaute-aqc\/appel-de-la-ssc-fmch\/"]}]},{"@type":"BreadcrumbList","@id":"https:\/\/aqc.ch\/fr\/communaute-aqc\/appel-de-la-ssc-fmch\/#breadcrumb","itemListElement":[{"@type":"ListItem","position":1,"name":"Startseite","item":"https:\/\/aqc.ch\/fr\/page-daccueil-de-laqc\/"},{"@type":"ListItem","position":2,"name":"Communaut\u00e9 AQC","item":"https:\/\/aqc.ch\/fr\/communaute-aqc\/"},{"@type":"ListItem","position":3,"name":"Appel SGC\/fmCH"}]},{"@type":"WebSite","@id":"https:\/\/aqc.ch\/fr\/#website","url":"https:\/\/aqc.ch\/fr\/","name":"AQC","description":"Arbeitsgemeinschaft f\u00fcr die Qualit\u00e4tssicherung in der Chirurgie","publisher":{"@id":"https:\/\/aqc.ch\/fr\/#organization"},"potentialAction":[{"@type":"SearchAction","target":{"@type":"EntryPoint","urlTemplate":"https:\/\/aqc.ch\/fr\/?s={search_term_string}"},"query-input":{"@type":"PropertyValueSpecification","valueRequired":true,"valueName":"search_term_string"}}],"inLanguage":"fr-FR"},{"@type":"Organization","@id":"https:\/\/aqc.ch\/fr\/#organization","name":"AQC - Arbeitsgemeinschaft f\u00fcr die Qualit\u00e4tssicherung in den Chirurgischen Disziplinen","url":"https:\/\/aqc.ch\/fr\/","logo":{"@type":"ImageObject","inLanguage":"fr-FR","@id":"https:\/\/aqc.ch\/fr\/#\/schema\/logo\/image\/","url":"https:\/\/aqc.ch\/wp-content\/uploads\/2020\/08\/AQC-Logo-320.jpg","contentUrl":"https:\/\/aqc.ch\/wp-content\/uploads\/2020\/08\/AQC-Logo-320.jpg","width":320,"height":202,"caption":"AQC - Arbeitsgemeinschaft f\u00fcr die Qualit\u00e4tssicherung in den Chirurgischen Disziplinen"},"image":{"@id":"https:\/\/aqc.ch\/fr\/#\/schema\/logo\/image\/"},"sameAs":["https:\/\/www.linkedin.com\/company\/aqc-arbeitsgemeinschaft-qualitaetssicherung\/"]}]}},"_links":{"self":[{"href":"https:\/\/aqc.ch\/fr\/wp-json\/wp\/v2\/pages\/30155","targetHints":{"allow":["GET"]}}],"collection":[{"href":"https:\/\/aqc.ch\/fr\/wp-json\/wp\/v2\/pages"}],"about":[{"href":"https:\/\/aqc.ch\/fr\/wp-json\/wp\/v2\/types\/page"}],"author":[{"embeddable":true,"href":"https:\/\/aqc.ch\/fr\/wp-json\/wp\/v2\/users\/1"}],"replies":[{"embeddable":true,"href":"https:\/\/aqc.ch\/fr\/wp-json\/wp\/v2\/comments?post=30155"}],"version-history":[{"count":11,"href":"https:\/\/aqc.ch\/fr\/wp-json\/wp\/v2\/pages\/30155\/revisions"}],"predecessor-version":[{"id":31176,"href":"https:\/\/aqc.ch\/fr\/wp-json\/wp\/v2\/pages\/30155\/revisions\/31176"}],"up":[{"embeddable":true,"href":"https:\/\/aqc.ch\/fr\/wp-json\/wp\/v2\/pages\/30088"}],"wp:attachment":[{"href":"https:\/\/aqc.ch\/fr\/wp-json\/wp\/v2\/media?parent=30155"}],"curies":[{"name":"wp","href":"https:\/\/api.w.org\/{rel}","templated":true}]}}