{"id":30148,"date":"2020-10-07T13:21:29","date_gmt":"2020-10-07T13:21:29","guid":{"rendered":"https:\/\/aqc.ch\/communaute-aqc\/reglements-aqc\/"},"modified":"2023-02-17T08:42:18","modified_gmt":"2023-02-17T08:42:18","slug":"reglements-aqc","status":"publish","type":"page","link":"https:\/\/aqc.ch\/fr\/communaute-aqc\/reglements-aqc\/","title":{"rendered":"R\u00e8glement de l\u2019AQC"},"content":{"rendered":"<p>[et_pb_section fb_built=\u00a0\u00bb1&Prime; admin_label=\u00a0\u00bbReglement\u00a0\u00bb _builder_version=\u00a0\u00bb4.16&Prime; background_enable_color=\u00a0\u00bboff\u00a0\u00bb background_image=\u00a0\u00bbhttps:\/\/aqc.ch\/wp-content\/uploads\/2020\/08\/DSC03228-3-1-1.jpg\u00a0\u00bb custom_padding=\u00a0\u00bb||4px|||\u00a0\u00bb border_color_all=\u00a0\u00bb#f7a409&Prime; border_width_top=\u00a0\u00bb3px\u00a0\u00bb global_colors_info=\u00a0\u00bb{}\u00a0\u00bb][et_pb_row admin_label=\u00a0\u00bbrow\u00a0\u00bb _builder_version=\u00a0\u00bb4.16&Prime; background_size=\u00a0\u00bbinitial\u00a0\u00bb background_position=\u00a0\u00bbtop_left\u00a0\u00bb background_repeat=\u00a0\u00bbrepeat\u00a0\u00bb global_colors_info=\u00a0\u00bb{}\u00a0\u00bb][et_pb_column type=\u00a0\u00bb4_4&Prime; _builder_version=\u00a0\u00bb4.16&Prime; custom_padding=\u00a0\u00bb|||\u00a0\u00bb global_colors_info=\u00a0\u00bb{}\u00a0\u00bb custom_padding__hover=\u00a0\u00bb|||\u00a0\u00bb][et_pb_text _builder_version=\u00a0\u00bb4.16&Prime; header_text_align=\u00a0\u00bbcenter\u00a0\u00bb header_text_color=\u00a0\u00bb#ffffff\u00a0\u00bb custom_margin=\u00a0\u00bb||2px|||\u00a0\u00bb global_colors_info=\u00a0\u00bb{}\u00a0\u00bb]<\/p>\n<h1>R\u00e8glement de l\u2019AQC<\/h1>\n<p>[\/et_pb_text][et_pb_text _builder_version=\u00a0\u00bb4.16&Prime; text_font=\u00a0\u00bb||||||||\u00a0\u00bb text_text_color=\u00a0\u00bb#e3e3e3&Prime; text_font_size=\u00a0\u00bb20px\u00a0\u00bb text_orientation=\u00a0\u00bbcenter\u00a0\u00bb min_height=\u00a0\u00bb93px\u00a0\u00bb custom_padding=\u00a0\u00bb25px|||||\u00a0\u00bb global_colors_info=\u00a0\u00bb{}\u00a0\u00bb]<\/p>\n<p>R\u00e8glement de l\u2019AQC<\/p>\n<p>Tous les membres de l&rsquo;AQC qui saisissent activement des donn\u00e9es ont le droit de vote. Le r\u00e8glement est bien suisse et d\u00e9mocratique de base.<\/p>\n<p>[\/et_pb_text][et_pb_divider _builder_version=\u00a0\u00bb4.16&Prime; global_colors_info=\u00a0\u00bb{}\u00a0\u00bb][\/et_pb_divider][\/et_pb_column][\/et_pb_row][\/et_pb_section][et_pb_section fb_built=\u00a0\u00bb1&Prime; admin_label=\u00a0\u00bbText\u00a0\u00bb _builder_version=\u00a0\u00bb4.16&Prime; global_colors_info=\u00a0\u00bb{}\u00a0\u00bb][et_pb_row column_structure=\u00a0\u00bb1_3,2_3&Prime; _builder_version=\u00a0\u00bb4.16&Prime; global_colors_info=\u00a0\u00bb{}\u00a0\u00bb][et_pb_column type=\u00a0\u00bb1_3&Prime; _builder_version=\u00a0\u00bb4.16&Prime; global_colors_info=\u00a0\u00bb{}\u00a0\u00bb][et_pb_text _builder_version=\u00a0\u00bb4.16&Prime; header_2_font=\u00a0\u00bb|700|||||||\u00a0\u00bb header_2_text_align=\u00a0\u00bbright\u00a0\u00bb header_2_line_height=\u00a0\u00bb1.7em\u00a0\u00bb global_colors_info=\u00a0\u00bb{}\u00a0\u00bb]<\/p>\n<h2>Nom et but<\/h2>\n<p>[\/et_pb_text][\/et_pb_column][et_pb_column type=\u00a0\u00bb2_3&Prime; _builder_version=\u00a0\u00bb4.16&Prime; global_colors_info=\u00a0\u00bb{}\u00a0\u00bb][et_pb_text _builder_version=\u00a0\u00bb4.16&Prime; text_text_color=\u00a0\u00bb#747d88&Prime; text_font_size=\u00a0\u00bb20px\u00a0\u00bb global_colors_info=\u00a0\u00bb{}\u00a0\u00bb]1. L\u2019association pour la qualit\u00e9 en chirurgie (AQC, Arbeitgemeinschaft f\u00fcr Qualit\u00e4tssicherung in de Chirurgie) est une soci\u00e9t\u00e9 au sens de l\u2019article 530ss du code suisse des obligations.<\/p>\n<p>2. Le but de l\u2019AQC est la constitution d\u2019une base de donn\u00e9es permettant l\u2019analyse statistique des hospitalisations et des interventions de type chirurgicales. Leur mise \u00e0 profit par une analyse comparative entre les diff\u00e9rents centres doit permettre d\u2019assurer un contr\u00f4le de qualit\u00e9.<\/p>\n<p>3. Le for est \u00e0 Z\u00fcrich.<br \/>\n[\/et_pb_text][\/et_pb_column][\/et_pb_row][et_pb_row column_structure=\u00a0\u00bb1_3,2_3&Prime; _builder_version=\u00a0\u00bb4.16&Prime; global_colors_info=\u00a0\u00bb{}\u00a0\u00bb][et_pb_column type=\u00a0\u00bb1_3&Prime; _builder_version=\u00a0\u00bb4.16&Prime; global_colors_info=\u00a0\u00bb{}\u00a0\u00bb][et_pb_text _builder_version=\u00a0\u00bb4.16&Prime; header_2_font=\u00a0\u00bb|700|||||||\u00a0\u00bb header_2_text_align=\u00a0\u00bbright\u00a0\u00bb header_2_line_height=\u00a0\u00bb1.7em\u00a0\u00bb global_colors_info=\u00a0\u00bb{}\u00a0\u00bb]<\/p>\n<h2>Membres<\/h2>\n<p>[\/et_pb_text][\/et_pb_column][et_pb_column type=\u00a0\u00bb2_3&Prime; _builder_version=\u00a0\u00bb4.16&Prime; global_colors_info=\u00a0\u00bb{}\u00a0\u00bb][et_pb_text _builder_version=\u00a0\u00bb4.16&Prime; text_text_color=\u00a0\u00bb#747d88&Prime; text_font_size=\u00a0\u00bb20px\u00a0\u00bb global_colors_info=\u00a0\u00bb{}\u00a0\u00bb]4. L\u2019AQC est ouverte aux cliniques chirurgicales, aux services de chirurgie des h\u00f4pitaux et aux m\u00e9decins praticiens chirurgiens.<\/p>\n<p>5. Devient membre, celui qui fournit des donn\u00e9es et en assume les frais correspondants. En cas de d\u00e9part ou d\u2019exclusion d\u2019un membre, les membres restants poursuivent les buts de l\u2019AQC. En cas de d\u00e9mission ou d&rsquo;expulsion d&rsquo;un membre, les autres actionnaires continuent l&rsquo;AQC.<\/p>\n<p>6. Tout membre qui a enregistr\u00e9 et fourni des donn\u00e9es depuis au moins 6 mois a le droit de vote.<\/p>\n<p>7. Par son admission ou respectivement par l\u2019entr\u00e9e des premi\u00e8res donn\u00e9es, le nouveau membre accepte implicitement ce r\u00e8glement.<br \/>\n[\/et_pb_text][\/et_pb_column][\/et_pb_row][et_pb_row column_structure=\u00a0\u00bb1_3,2_3&Prime; _builder_version=\u00a0\u00bb4.16&Prime; global_colors_info=\u00a0\u00bb{}\u00a0\u00bb][et_pb_column type=\u00a0\u00bb1_3&Prime; _builder_version=\u00a0\u00bb4.16&Prime; global_colors_info=\u00a0\u00bb{}\u00a0\u00bb][et_pb_text _builder_version=\u00a0\u00bb4.16&Prime; header_2_font=\u00a0\u00bb|700|||||||\u00a0\u00bb header_2_text_align=\u00a0\u00bbright\u00a0\u00bb header_2_line_height=\u00a0\u00bb1.7em\u00a0\u00bb global_colors_info=\u00a0\u00bb{}\u00a0\u00bb]<\/p>\n<h2>Assembl\u00e9e g\u00e9n\u00e9rale de l\u2019AQC<\/h2>\n<p>[\/et_pb_text][\/et_pb_column][et_pb_column type=\u00a0\u00bb2_3&Prime; _builder_version=\u00a0\u00bb4.16&Prime; global_colors_info=\u00a0\u00bb{}\u00a0\u00bb][et_pb_text _builder_version=\u00a0\u00bb4.16&Prime; text_text_color=\u00a0\u00bb#747d88&Prime; text_font_size=\u00a0\u00bb20px\u00a0\u00bb custom_css_main_element=\u00a0\u00bbul ||list-style-type: square;||||\u00a0\u00bb global_colors_info=\u00a0\u00bb{}\u00a0\u00bb]<\/p>\n<p>8. Les membres de l\u2019AQC se r\u00e9unissent annuellement \u00e0 l\u2019occasion de l\u2019assembl\u00e9e g\u00e9n\u00e9rale.<\/p>\n<p>9. Le bureau de l\u2019AQC se charge d\u2019envoyer une convocation \u00e9crite respectivement 15 jours avant l\u2019assembl\u00e9e de l\u2019AQC. L\u2019organisation de la session est du ressort du bureau de l\u2019AQC.<\/p>\n<p>10. Le pr\u00e9sident de l\u2019AQC dresse un ordre du jour et dirige la r\u00e9union.<\/p>\n<p>11. Dans les devoirs et les attributions de l\u2019assembl\u00e9e annuelle de l\u2019AQC figurent entre autre les missions suivantes :<\/p>\n<ul>\n<li>\u00e9lection du pr\u00e9sident de l\u2019AQC et choix du bureau de l\u2019AQC (vote \u00e0 la majorit\u00e9 simple)<\/li>\n<li>discussion et votation de modifications des questionnaires de l\u2019AQC pour l\u2019ann\u00e9e suivante (vote \u00e0 la majorit\u00e9 simple)<\/li>\n<li>discussion et votation de modifications du r\u00e8glement de l\u2019AQC (vote \u00e0 la majorit\u00e9 simple)<\/li>\n<li>discussion et votation des couts pour l\u2019ann\u00e9e suivante (vote \u00e0 la majorit\u00e9 simple); [D\u00e9cision de l&rsquo;assembl\u00e9e de l&rsquo;AQC du 16.11.2022 : \u00ab\u00a0Les co\u00fbts fix\u00e9s jusqu&rsquo;en 2027 (\u00e0 l&rsquo;exception d&rsquo;une \u00e9ventuelle compensation du rench\u00e9rissement) s&rsquo;\u00e9l\u00e8vent \u00e0 CHF 3.10 en 2023, CHF 3.40 en 2024, CHF 3.70 en 2025, CHF 4.00 en 2026 et CHF 4.30 en 2027 par cas en cas de transmission \u00e9lectronique, CHF 4.30 en cas de saisie par service web, CHF 5.80 en cas de saisie manuelle. Le minimum de facturation est de CHF 250.00 par \u00e9valuation\u00a0\u00bb].<\/li>\n<li>exclusion de membres admis respectivement non admission de nouveau membre (vote secret, avec majorit\u00e9 des 2\/3)<\/li>\n<\/ul>\n<p>[\/et_pb_text][\/et_pb_column][\/et_pb_row][et_pb_row column_structure=\u00a0\u00bb1_3,2_3&Prime; _builder_version=\u00a0\u00bb4.16&Prime; global_colors_info=\u00a0\u00bb{}\u00a0\u00bb][et_pb_column type=\u00a0\u00bb1_3&Prime; _builder_version=\u00a0\u00bb4.16&Prime; global_colors_info=\u00a0\u00bb{}\u00a0\u00bb][et_pb_text _builder_version=\u00a0\u00bb4.16&Prime; header_2_font=\u00a0\u00bb|700|||||||\u00a0\u00bb header_2_text_align=\u00a0\u00bbright\u00a0\u00bb header_2_line_height=\u00a0\u00bb1.7em\u00a0\u00bb global_colors_info=\u00a0\u00bb{}\u00a0\u00bb]<\/p>\n<h2>Analyse et utilisation des donn\u00e9es<\/h2>\n<p>[\/et_pb_text][\/et_pb_column][et_pb_column type=\u00a0\u00bb2_3&Prime; _builder_version=\u00a0\u00bb4.16&Prime; global_colors_info=\u00a0\u00bb{}\u00a0\u00bb][et_pb_text _builder_version=\u00a0\u00bb4.16&Prime; text_text_color=\u00a0\u00bb#747d88&Prime; text_font_size=\u00a0\u00bb20px\u00a0\u00bb global_colors_info=\u00a0\u00bb{}\u00a0\u00bb]<\/p>\n<p>12. L\u2019organisation de l\u2019exploitation des donn\u00e9es (demandes et analyses) incombe au bureau de l\u2019AQC.<\/p>\n<p>13. Chaque membre de l\u2019AQC re\u00e7oit du bureau de l\u2019AQC deux fois par ann\u00e9e l\u2019analyse de ses propres donn\u00e9es ainsi qu\u2019une moyenne comparative obtenue par les autres institutions.<\/p>\n<p>14. Les donn\u00e9es de l\u2019AQC sont strictement confidentielles. Chaque membre utilise librement ses donn\u00e9es personnelles. Toute autre utilisation des donn\u00e9es de l\u2019ensemble du groupe en dehors du cadre de l\u2019AQC doit \u00eatre approuv\u00e9e par \u00e9crit par le pr\u00e9sident de l\u2019AQC.<\/p>\n<p>[\/et_pb_text][\/et_pb_column][\/et_pb_row][\/et_pb_section][et_pb_section fb_built=\u00a0\u00bb1&Prime; _builder_version=\u00a0\u00bb4.16&Prime; background_color=\u00a0\u00bb#e3e3e3&Prime; global_colors_info=\u00a0\u00bb{}\u00a0\u00bb][et_pb_row _builder_version=\u00a0\u00bb4.16&Prime; global_colors_info=\u00a0\u00bb{}\u00a0\u00bb][et_pb_column type=\u00a0\u00bb4_4&Prime; _builder_version=\u00a0\u00bb4.16&Prime; global_colors_info=\u00a0\u00bb{}\u00a0\u00bb][et_pb_text _builder_version=\u00a0\u00bb4.16&Prime; global_colors_info=\u00a0\u00bb{}\u00a0\u00bb]<\/p>\n<p style=\"text-align: center;\">Le r\u00e8glement AQC est \u00e9galement disponible en version PDF<\/p>\n<p>[\/et_pb_text][et_pb_button button_url=\u00a0\u00bbhttps:\/\/adjumed.com\/download\/aqc_2211reglement_d_f_2023.pdf\u00a0\u00bb url_new_window=\u00a0\u00bbon\u00a0\u00bb button_text=\u00a0\u00bbT\u00c9L\u00c9CHARGER MAINTENANT\u00a0\u00bb button_alignment=\u00a0\u00bbcenter\u00a0\u00bb _builder_version=\u00a0\u00bb4.18.0&Prime; hover_enabled=\u00a0\u00bb0&Prime; global_colors_info=\u00a0\u00bb{}\u00a0\u00bb sticky_enabled=\u00a0\u00bb0&Prime;][\/et_pb_button][\/et_pb_column][\/et_pb_row][\/et_pb_section]<\/p>\n","protected":false},"excerpt":{"rendered":"<p>R\u00e8glement de l\u2019AQC R\u00e8glement de l\u2019AQC Tous les membres de l&rsquo;AQC qui saisissent activement des donn\u00e9es ont le droit de vote. Le r\u00e8glement est bien suisse et d\u00e9mocratique de base.Nom et but 1. L\u2019association pour la qualit\u00e9 en chirurgie (AQC, Arbeitgemeinschaft f\u00fcr Qualit\u00e4tssicherung in de Chirurgie) est une soci\u00e9t\u00e9 au sens de l\u2019article 530ss du [&hellip;]<\/p>\n","protected":false},"author":1,"featured_media":0,"parent":30088,"menu_order":0,"comment_status":"closed","ping_status":"closed","template":"","meta":{"_et_pb_use_builder":"on","_et_pb_old_content":"","_et_gb_content_width":"","footnotes":""},"class_list":["post-30148","page","type-page","status-publish","hentry"],"yoast_head":"<!-- This site is optimized with the Yoast SEO plugin v27.2 - https:\/\/yoast.com\/product\/yoast-seo-wordpress\/ -->\n<title>R\u00e8glement de l&#039;AQC | Lire les statuts de notre soci\u00e9t\u00e9<\/title>\n<meta name=\"description\" content=\"Depuis 1999, l&#039;AQC dispose d&#039;un r\u00e8glement que les membres se donnent eux-m\u00eames. Tous les membres de l&#039;AQC qui saisissent activement des donn\u00e9es ont le droit de vote.\" \/>\n<meta name=\"robots\" content=\"index, follow, max-snippet:-1, max-image-preview:large, max-video-preview:-1\" \/>\n<link rel=\"canonical\" href=\"https:\/\/aqc.ch\/fr\/communaute-aqc\/reglements-aqc\/\" \/>\n<meta property=\"og:locale\" content=\"fr_FR\" \/>\n<meta property=\"og:type\" content=\"article\" \/>\n<meta property=\"og:title\" content=\"R\u00e8glement de l&#039;AQC | Lire les statuts de notre soci\u00e9t\u00e9\" \/>\n<meta property=\"og:description\" content=\"Depuis 1999, l&#039;AQC dispose d&#039;un r\u00e8glement que les membres se donnent eux-m\u00eames. Tous les membres de l&#039;AQC qui saisissent activement des donn\u00e9es ont le droit de vote.\" \/>\n<meta property=\"og:url\" content=\"https:\/\/aqc.ch\/fr\/communaute-aqc\/reglements-aqc\/\" \/>\n<meta property=\"og:site_name\" content=\"AQC\" \/>\n<meta property=\"article:modified_time\" content=\"2023-02-17T08:42:18+00:00\" \/>\n<meta property=\"og:image\" content=\"https:\/\/aqc.ch\/wp-content\/uploads\/2020\/11\/aqc-logo-1200-761.jpg\" \/>\n\t<meta property=\"og:image:width\" content=\"1200\" \/>\n\t<meta property=\"og:image:height\" content=\"761\" \/>\n\t<meta property=\"og:image:type\" content=\"image\/jpeg\" \/>\n<meta name=\"twitter:card\" content=\"summary_large_image\" \/>\n<meta name=\"twitter:label1\" content=\"Dur\u00e9e de lecture estim\u00e9e\" \/>\n\t<meta name=\"twitter:data1\" content=\"6 minutes\" \/>\n<script type=\"application\/ld+json\" class=\"yoast-schema-graph\">{\"@context\":\"https:\/\/schema.org\",\"@graph\":[{\"@type\":\"WebPage\",\"@id\":\"https:\/\/aqc.ch\/fr\/communaute-aqc\/reglements-aqc\/\",\"url\":\"https:\/\/aqc.ch\/fr\/communaute-aqc\/reglements-aqc\/\",\"name\":\"R\u00e8glement de l'AQC | Lire les statuts de notre soci\u00e9t\u00e9\",\"isPartOf\":{\"@id\":\"https:\/\/aqc.ch\/fr\/#website\"},\"datePublished\":\"2020-10-07T13:21:29+00:00\",\"dateModified\":\"2023-02-17T08:42:18+00:00\",\"description\":\"Depuis 1999, l'AQC dispose d'un r\u00e8glement que les membres se donnent eux-m\u00eames. Tous les membres de l'AQC qui saisissent activement des donn\u00e9es ont le droit de vote.\",\"breadcrumb\":{\"@id\":\"https:\/\/aqc.ch\/fr\/communaute-aqc\/reglements-aqc\/#breadcrumb\"},\"inLanguage\":\"fr-FR\",\"potentialAction\":[{\"@type\":\"ReadAction\",\"target\":[\"https:\/\/aqc.ch\/fr\/communaute-aqc\/reglements-aqc\/\"]}]},{\"@type\":\"BreadcrumbList\",\"@id\":\"https:\/\/aqc.ch\/fr\/communaute-aqc\/reglements-aqc\/#breadcrumb\",\"itemListElement\":[{\"@type\":\"ListItem\",\"position\":1,\"name\":\"Startseite\",\"item\":\"https:\/\/aqc.ch\/fr\/page-daccueil-de-laqc\/\"},{\"@type\":\"ListItem\",\"position\":2,\"name\":\"Communaut\u00e9 AQC\",\"item\":\"https:\/\/aqc.ch\/fr\/communaute-aqc\/\"},{\"@type\":\"ListItem\",\"position\":3,\"name\":\"R\u00e8glement de l\u2019AQC\"}]},{\"@type\":\"WebSite\",\"@id\":\"https:\/\/aqc.ch\/fr\/#website\",\"url\":\"https:\/\/aqc.ch\/fr\/\",\"name\":\"AQC\",\"description\":\"Arbeitsgemeinschaft f\u00fcr die Qualit\u00e4tssicherung in der Chirurgie\",\"publisher\":{\"@id\":\"https:\/\/aqc.ch\/fr\/#organization\"},\"potentialAction\":[{\"@type\":\"SearchAction\",\"target\":{\"@type\":\"EntryPoint\",\"urlTemplate\":\"https:\/\/aqc.ch\/fr\/?s={search_term_string}\"},\"query-input\":{\"@type\":\"PropertyValueSpecification\",\"valueRequired\":true,\"valueName\":\"search_term_string\"}}],\"inLanguage\":\"fr-FR\"},{\"@type\":\"Organization\",\"@id\":\"https:\/\/aqc.ch\/fr\/#organization\",\"name\":\"AQC - Arbeitsgemeinschaft f\u00fcr die Qualit\u00e4tssicherung in den Chirurgischen Disziplinen\",\"url\":\"https:\/\/aqc.ch\/fr\/\",\"logo\":{\"@type\":\"ImageObject\",\"inLanguage\":\"fr-FR\",\"@id\":\"https:\/\/aqc.ch\/fr\/#\/schema\/logo\/image\/\",\"url\":\"https:\/\/aqc.ch\/wp-content\/uploads\/2020\/08\/AQC-Logo-320.jpg\",\"contentUrl\":\"https:\/\/aqc.ch\/wp-content\/uploads\/2020\/08\/AQC-Logo-320.jpg\",\"width\":320,\"height\":202,\"caption\":\"AQC - Arbeitsgemeinschaft f\u00fcr die Qualit\u00e4tssicherung in den Chirurgischen Disziplinen\"},\"image\":{\"@id\":\"https:\/\/aqc.ch\/fr\/#\/schema\/logo\/image\/\"},\"sameAs\":[\"https:\/\/www.linkedin.com\/company\/aqc-arbeitsgemeinschaft-qualitaetssicherung\/\"]}]}<\/script>\n<!-- \/ Yoast SEO plugin. -->","yoast_head_json":{"title":"R\u00e8glement de l'AQC | Lire les statuts de notre soci\u00e9t\u00e9","description":"Depuis 1999, l'AQC dispose d'un r\u00e8glement que les membres se donnent eux-m\u00eames. Tous les membres de l'AQC qui saisissent activement des donn\u00e9es ont le droit de vote.","robots":{"index":"index","follow":"follow","max-snippet":"max-snippet:-1","max-image-preview":"max-image-preview:large","max-video-preview":"max-video-preview:-1"},"canonical":"https:\/\/aqc.ch\/fr\/communaute-aqc\/reglements-aqc\/","og_locale":"fr_FR","og_type":"article","og_title":"R\u00e8glement de l'AQC | Lire les statuts de notre soci\u00e9t\u00e9","og_description":"Depuis 1999, l'AQC dispose d'un r\u00e8glement que les membres se donnent eux-m\u00eames. Tous les membres de l'AQC qui saisissent activement des donn\u00e9es ont le droit de vote.","og_url":"https:\/\/aqc.ch\/fr\/communaute-aqc\/reglements-aqc\/","og_site_name":"AQC","article_modified_time":"2023-02-17T08:42:18+00:00","og_image":[{"width":1200,"height":761,"url":"https:\/\/aqc.ch\/wp-content\/uploads\/2020\/11\/aqc-logo-1200-761.jpg","type":"image\/jpeg"}],"twitter_card":"summary_large_image","twitter_misc":{"Dur\u00e9e de lecture estim\u00e9e":"6 minutes"},"schema":{"@context":"https:\/\/schema.org","@graph":[{"@type":"WebPage","@id":"https:\/\/aqc.ch\/fr\/communaute-aqc\/reglements-aqc\/","url":"https:\/\/aqc.ch\/fr\/communaute-aqc\/reglements-aqc\/","name":"R\u00e8glement de l'AQC | Lire les statuts de notre soci\u00e9t\u00e9","isPartOf":{"@id":"https:\/\/aqc.ch\/fr\/#website"},"datePublished":"2020-10-07T13:21:29+00:00","dateModified":"2023-02-17T08:42:18+00:00","description":"Depuis 1999, l'AQC dispose d'un r\u00e8glement que les membres se donnent eux-m\u00eames. Tous les membres de l'AQC qui saisissent activement des donn\u00e9es ont le droit de vote.","breadcrumb":{"@id":"https:\/\/aqc.ch\/fr\/communaute-aqc\/reglements-aqc\/#breadcrumb"},"inLanguage":"fr-FR","potentialAction":[{"@type":"ReadAction","target":["https:\/\/aqc.ch\/fr\/communaute-aqc\/reglements-aqc\/"]}]},{"@type":"BreadcrumbList","@id":"https:\/\/aqc.ch\/fr\/communaute-aqc\/reglements-aqc\/#breadcrumb","itemListElement":[{"@type":"ListItem","position":1,"name":"Startseite","item":"https:\/\/aqc.ch\/fr\/page-daccueil-de-laqc\/"},{"@type":"ListItem","position":2,"name":"Communaut\u00e9 AQC","item":"https:\/\/aqc.ch\/fr\/communaute-aqc\/"},{"@type":"ListItem","position":3,"name":"R\u00e8glement de l\u2019AQC"}]},{"@type":"WebSite","@id":"https:\/\/aqc.ch\/fr\/#website","url":"https:\/\/aqc.ch\/fr\/","name":"AQC","description":"Arbeitsgemeinschaft f\u00fcr die Qualit\u00e4tssicherung in der Chirurgie","publisher":{"@id":"https:\/\/aqc.ch\/fr\/#organization"},"potentialAction":[{"@type":"SearchAction","target":{"@type":"EntryPoint","urlTemplate":"https:\/\/aqc.ch\/fr\/?s={search_term_string}"},"query-input":{"@type":"PropertyValueSpecification","valueRequired":true,"valueName":"search_term_string"}}],"inLanguage":"fr-FR"},{"@type":"Organization","@id":"https:\/\/aqc.ch\/fr\/#organization","name":"AQC - Arbeitsgemeinschaft f\u00fcr die Qualit\u00e4tssicherung in den Chirurgischen Disziplinen","url":"https:\/\/aqc.ch\/fr\/","logo":{"@type":"ImageObject","inLanguage":"fr-FR","@id":"https:\/\/aqc.ch\/fr\/#\/schema\/logo\/image\/","url":"https:\/\/aqc.ch\/wp-content\/uploads\/2020\/08\/AQC-Logo-320.jpg","contentUrl":"https:\/\/aqc.ch\/wp-content\/uploads\/2020\/08\/AQC-Logo-320.jpg","width":320,"height":202,"caption":"AQC - Arbeitsgemeinschaft f\u00fcr die Qualit\u00e4tssicherung in den Chirurgischen Disziplinen"},"image":{"@id":"https:\/\/aqc.ch\/fr\/#\/schema\/logo\/image\/"},"sameAs":["https:\/\/www.linkedin.com\/company\/aqc-arbeitsgemeinschaft-qualitaetssicherung\/"]}]}},"_links":{"self":[{"href":"https:\/\/aqc.ch\/fr\/wp-json\/wp\/v2\/pages\/30148","targetHints":{"allow":["GET"]}}],"collection":[{"href":"https:\/\/aqc.ch\/fr\/wp-json\/wp\/v2\/pages"}],"about":[{"href":"https:\/\/aqc.ch\/fr\/wp-json\/wp\/v2\/types\/page"}],"author":[{"embeddable":true,"href":"https:\/\/aqc.ch\/fr\/wp-json\/wp\/v2\/users\/1"}],"replies":[{"embeddable":true,"href":"https:\/\/aqc.ch\/fr\/wp-json\/wp\/v2\/comments?post=30148"}],"version-history":[{"count":16,"href":"https:\/\/aqc.ch\/fr\/wp-json\/wp\/v2\/pages\/30148\/revisions"}],"predecessor-version":[{"id":30867,"href":"https:\/\/aqc.ch\/fr\/wp-json\/wp\/v2\/pages\/30148\/revisions\/30867"}],"up":[{"embeddable":true,"href":"https:\/\/aqc.ch\/fr\/wp-json\/wp\/v2\/pages\/30088"}],"wp:attachment":[{"href":"https:\/\/aqc.ch\/fr\/wp-json\/wp\/v2\/media?parent=30148"}],"curies":[{"name":"wp","href":"https:\/\/api.w.org\/{rel}","templated":true}]}}