{"id":30099,"date":"2020-10-05T14:22:29","date_gmt":"2020-10-05T14:22:29","guid":{"rendered":"https:\/\/aqc.ch\/communaute-aqc\/gestion-de-laqc\/"},"modified":"2025-08-06T06:44:08","modified_gmt":"2025-08-06T06:44:08","slug":"gestion-de-laqc","status":"publish","type":"page","link":"https:\/\/aqc.ch\/fr\/communaute-aqc\/gestion-de-laqc\/","title":{"rendered":"Direction de l&rsquo;AQC"},"content":{"rendered":"<p>[et_pb_section fb_built=\u00a0\u00bb1&Prime; admin_label=\u00a0\u00bbHeader 2&Prime; _builder_version=\u00a0\u00bb4.16&Prime; background_enable_color=\u00a0\u00bboff\u00a0\u00bb background_image=\u00a0\u00bbhttps:\/\/aqc.ch\/wp-content\/uploads\/2020\/08\/DSC03228-3-1-1.jpg\u00a0\u00bb custom_padding=\u00a0\u00bb||4px|||\u00a0\u00bb border_width_top=\u00a0\u00bb3px\u00a0\u00bb border_color_top=\u00a0\u00bb#f7a409&Prime; global_colors_info=\u00a0\u00bb{}\u00a0\u00bb][et_pb_row admin_label=\u00a0\u00bbrow\u00a0\u00bb _builder_version=\u00a0\u00bb4.16&Prime; background_size=\u00a0\u00bbinitial\u00a0\u00bb background_position=\u00a0\u00bbtop_left\u00a0\u00bb background_repeat=\u00a0\u00bbrepeat\u00a0\u00bb global_colors_info=\u00a0\u00bb{}\u00a0\u00bb][et_pb_column type=\u00a0\u00bb4_4&Prime; _builder_version=\u00a0\u00bb4.16&Prime; custom_padding=\u00a0\u00bb|||\u00a0\u00bb global_colors_info=\u00a0\u00bb{}\u00a0\u00bb custom_padding__hover=\u00a0\u00bb|||\u00a0\u00bb][et_pb_text _builder_version=\u00a0\u00bb4.16&Prime; header_text_align=\u00a0\u00bbcenter\u00a0\u00bb header_text_color=\u00a0\u00bb#ffffff\u00a0\u00bb custom_margin=\u00a0\u00bb||2px|||\u00a0\u00bb global_colors_info=\u00a0\u00bb{}\u00a0\u00bb]<\/p>\n<h1>La direction de l&rsquo;AQC<\/h1>\n<p>[\/et_pb_text][et_pb_text _builder_version=\u00a0\u00bb4.16&Prime; text_font=\u00a0\u00bb||||||||\u00a0\u00bb text_text_color=\u00a0\u00bb#e3e3e3&Prime; text_font_size=\u00a0\u00bb20px\u00a0\u00bb text_orientation=\u00a0\u00bbcenter\u00a0\u00bb min_height=\u00a0\u00bb93px\u00a0\u00bb custom_padding=\u00a0\u00bb25px|||||\u00a0\u00bb global_colors_info=\u00a0\u00bb{}\u00a0\u00bb]<\/p>\n<p>L&rsquo;AQC est synonyme d&rsquo;excellence op\u00e9rationnelle et scientifique. Nous privil\u00e9gions l&rsquo;\u00e9change actif et le d\u00e9bat. Nos conseils d&rsquo;administration sont compos\u00e9s d&rsquo;\u00e9minents m\u00e9decins. Ils veillent \u00e0 ce que nos questionnaires soient toujours \u00e0 la pointe de la technologie et refl\u00e8tent les tendances actuelles de la pratique.<\/p>\n<p>Le responsable de l&rsquo;AQC est assist\u00e9 par l&rsquo;Advisory Board pour les questions pratiques telles que la conception des questionnaires et par le Scientific Board pour les questions scientifiques.<\/p>\n<p>[\/et_pb_text][et_pb_divider _builder_version=\u00a0\u00bb4.16&Prime; global_colors_info=\u00a0\u00bb{}\u00a0\u00bb][\/et_pb_divider][\/et_pb_column][\/et_pb_row][\/et_pb_section][et_pb_section fb_built=\u00a0\u00bb1&Prime; admin_label=\u00a0\u00bbAQC-Elevator Pitch\u00a0\u00bb _builder_version=\u00a0\u00bb4.16&Prime; custom_padding=\u00a0\u00bb||3px|||\u00a0\u00bb global_colors_info=\u00a0\u00bb{}\u00a0\u00bb][et_pb_row _builder_version=\u00a0\u00bb4.16&Prime; global_colors_info=\u00a0\u00bb{}\u00a0\u00bb][et_pb_column type=\u00a0\u00bb4_4&Prime; _builder_version=\u00a0\u00bb4.16&Prime; global_colors_info=\u00a0\u00bb{}\u00a0\u00bb][et_pb_text _builder_version=\u00a0\u00bb4.16&Prime; header_2_font=\u00a0\u00bb|700||on|||||\u00a0\u00bb header_2_font_size=\u00a0\u00bb42px\u00a0\u00bb header_2_line_height=\u00a0\u00bb1.3em\u00a0\u00bb width=\u00a0\u00bb100%\u00a0\u00bb custom_margin=\u00a0\u00bb||0px|||\u00a0\u00bb global_colors_info=\u00a0\u00bb{}\u00a0\u00bb]<\/p>\n<h2 style=\"text-align: center;\">Le responsable de l&rsquo;AQC<\/h2>\n<p>[\/et_pb_text][et_pb_divider divider_weight=\u00a0\u00bb10px\u00a0\u00bb _builder_version=\u00a0\u00bb4.16&Prime; width=\u00a0\u00bb50%\u00a0\u00bb width_tablet=\u00a0\u00bb40%\u00a0\u00bb width_phone=\u00a0\u00bb49%\u00a0\u00bb width_last_edited=\u00a0\u00bbon|desktop\u00a0\u00bb max_width=\u00a0\u00bb50%\u00a0\u00bb custom_padding=\u00a0\u00bb15px||12px|||\u00a0\u00bb global_colors_info=\u00a0\u00bb{}\u00a0\u00bb][\/et_pb_divider][\/et_pb_column][\/et_pb_row][et_pb_row _builder_version=\u00a0\u00bb4.16&Prime; _module_preset=\u00a0\u00bbdefault\u00a0\u00bb global_colors_info=\u00a0\u00bb{}\u00a0\u00bb][et_pb_column type=\u00a0\u00bb4_4&Prime; _builder_version=\u00a0\u00bb4.16&Prime; _module_preset=\u00a0\u00bbdefault\u00a0\u00bb global_colors_info=\u00a0\u00bb{}\u00a0\u00bb][et_pb_image src=\u00a0\u00bbhttps:\/\/aqc.ch\/wp-content\/uploads\/2020\/02\/valentin-neuhaus-200.png\u00a0\u00bb alt=\u00a0\u00bbPortrait du PD Dr Valentin Neuhaus\u00a0\u00bb title_text=\u00a0\u00bbPD Dr Valentin Neuhaus\u00a0\u00bb align=\u00a0\u00bbcenter\u00a0\u00bb _builder_version=\u00a0\u00bb4.16&Prime; _module_preset=\u00a0\u00bbdefault\u00a0\u00bb global_colors_info=\u00a0\u00bb{}\u00a0\u00bb][\/et_pb_image][et_pb_text _builder_version=\u00a0\u00bb4.16&Prime; text_font=\u00a0\u00bb||||||||\u00a0\u00bb text_text_color=\u00a0\u00bb#747d88&Prime; text_font_size=\u00a0\u00bb20px\u00a0\u00bb text_orientation=\u00a0\u00bbcenter\u00a0\u00bb global_colors_info=\u00a0\u00bb{}\u00a0\u00bb]<\/p>\n<p>En novembre 2019, le professeur Valentin Neuhaus a \u00e9t\u00e9 \u00e9lu par l&rsquo;assembl\u00e9e g\u00e9n\u00e9rale comme nouveau directeur de l&rsquo;AQC. Il s&rsquo;engage activement dans la recherche avec les donn\u00e9es de l&rsquo;AQC et apporte sa propre exp\u00e9rience en tant qu&rsquo;utilisateur et promoteur de longue date de l&rsquo;AQC.<\/p>\n<p>[\/et_pb_text][\/et_pb_column][\/et_pb_row][\/et_pb_section][et_pb_section fb_built=\u00a0\u00bb1&Prime; admin_label=\u00a0\u00bbSektion\u00a0\u00bb _builder_version=\u00a0\u00bb4.16&Prime; _module_preset=\u00a0\u00bbdefault\u00a0\u00bb min_height=\u00a0\u00bb1244px\u00a0\u00bb custom_padding=\u00a0\u00bb||4px|||\u00a0\u00bb global_colors_info=\u00a0\u00bb{}\u00a0\u00bb][et_pb_row column_structure=\u00a0\u00bb1_2,1_2&Prime; use_custom_gutter=\u00a0\u00bbon\u00a0\u00bb gutter_width=\u00a0\u00bb1&Prime; make_equal=\u00a0\u00bbon\u00a0\u00bb admin_label=\u00a0\u00bbAdvisory Board\u00a0\u00bb module_class=\u00a0\u00bb et_pb_row_fullwidth\u00a0\u00bb _builder_version=\u00a0\u00bb4.16&Prime; background_size=\u00a0\u00bbinitial\u00a0\u00bb background_position=\u00a0\u00bbtop_left\u00a0\u00bb background_repeat=\u00a0\u00bbrepeat\u00a0\u00bb width=\u00a0\u00bb100%\u00a0\u00bb width_tablet=\u00a0\u00bb100%\u00a0\u00bb width_phone=\u00a0\u00bb\u00a0\u00bb width_last_edited=\u00a0\u00bbon|desktop\u00a0\u00bb max_width=\u00a0\u00bb100%\u00a0\u00bb max_width_tablet=\u00a0\u00bb100%\u00a0\u00bb max_width_phone=\u00a0\u00bb\u00a0\u00bb max_width_last_edited=\u00a0\u00bbon|desktop\u00a0\u00bb custom_margin=\u00a0\u00bb0px||0px|\u00a0\u00bb custom_padding=\u00a0\u00bb0px||0px|0px|false|false\u00a0\u00bb make_fullwidth=\u00a0\u00bbon\u00a0\u00bb global_colors_info=\u00a0\u00bb{}\u00a0\u00bb][et_pb_column type=\u00a0\u00bb1_2&Prime; _builder_version=\u00a0\u00bb4.16&Prime; background_color=\u00a0\u00bb#e3e3e3&Prime; background_enable_image=\u00a0\u00bboff\u00a0\u00bb background_position=\u00a0\u00bbtop_left\u00a0\u00bb custom_padding=\u00a0\u00bb8px|||6%|false|false\u00a0\u00bb global_colors_info=\u00a0\u00bb{}\u00a0\u00bb custom_padding__hover=\u00a0\u00bb|||\u00a0\u00bb][et_pb_cta title=\u00a0\u00bbAdvisory Board\u00a0\u00bb button_text=\u00a0\u00bbClics\u00a0\u00bb _builder_version=\u00a0\u00bb4.16&Prime; _module_preset=\u00a0\u00bbdefault\u00a0\u00bb header_font_size=\u00a0\u00bb36px\u00a0\u00bb header_line_height=\u00a0\u00bb1.4em\u00a0\u00bb body_font_size=\u00a0\u00bb16px\u00a0\u00bb body_line_height=\u00a0\u00bb1.9em\u00a0\u00bb background_color=\u00a0\u00bb#e3e3e3&Prime; text_orientation=\u00a0\u00bbleft\u00a0\u00bb background_layout=\u00a0\u00bblight\u00a0\u00bb max_width=\u00a0\u00bb499px\u00a0\u00bb custom_margin=\u00a0\u00bb62px|||-18px||\u00a0\u00bb custom_padding=\u00a0\u00bb47px||80px|2px||\u00a0\u00bb animation_style=\u00a0\u00bbfold\u00a0\u00bb animation_direction=\u00a0\u00bbbottom\u00a0\u00bb animation_intensity_fold=\u00a0\u00bb15%\u00a0\u00bb global_colors_info=\u00a0\u00bb{}\u00a0\u00bb]<\/p>\n<p>L&rsquo;Advisory Board est d\u00e9sign\u00e9 par le directeur de l&rsquo;AQC. Il assure le lien avec la pratique. L&rsquo;Advisory Board assiste le responsable de l&rsquo;AQC dans tous les aspects pratiques. En particulier, les modifications apport\u00e9es aux questionnaires sont discut\u00e9es avec l&rsquo;Advisory Board avant d&rsquo;\u00eatre propos\u00e9es \u00e0 l&rsquo;assembl\u00e9e de l&rsquo;AQC.<\/p>\n<p>&nbsp;<\/p>\n<p>[\/et_pb_cta][\/et_pb_column][et_pb_column type=\u00a0\u00bb1_2&Prime; _builder_version=\u00a0\u00bb4.16&Prime; background_color=\u00a0\u00bb#ffffff\u00a0\u00bb background_position=\u00a0\u00bbtop_left\u00a0\u00bb custom_padding=\u00a0\u00bb8%|6%|8%|3%|false|false\u00a0\u00bb global_colors_info=\u00a0\u00bb{}\u00a0\u00bb custom_padding__hover=\u00a0\u00bb|||\u00a0\u00bb][et_pb_text _builder_version=\u00a0\u00bb4.27.4&Prime; _module_preset=\u00a0\u00bbdefault\u00a0\u00bb text_font_size=\u00a0\u00bb16px\u00a0\u00bb custom_padding=\u00a0\u00bb2%|7%|0px|10%|false|false\u00a0\u00bb global_colors_info=\u00a0\u00bb{}\u00a0\u00bb]<\/p>\n<p>Dr. med. Claudio Canal &#8211; H\u00f4pital universitaire, Zurich<br \/><a href=\"https:\/\/www.linkedin.com\/in\/natalie-kuchen-8651b4111\/\" target=\"_blank\" rel=\"noopener noreferrer\">Dr. med. Natalie Kuchen<\/a> &#8211; Centre chirurgical de Zurich<br \/><a href=\"https:\/\/www.lindenhofgruppe.ch\/de\/unsere-aerzte\/aerzte\/igor-langer.php\" target=\"_blank\" rel=\"noopener noreferrer\">PD Dr. med. Igor Langer<\/a> &#8211; Lindenhofspital, Berne<br \/>Dr. med. Dominik L\u00fcdi &#8211; Spital Region Oberaargau, Langenthal<br \/><a href=\"https:\/\/www.linkedin.com\/in\/valentin-neuhaus-43128563\/\" target=\"_blank\" rel=\"noopener noreferrer\">Prof. Valentin Neuhaus<\/a> &#8211; H\u00f4pital universitaire de Zurich<br \/><a href=\"https:\/\/www.linkedin.com\/in\/peter-nussbaumer-61104496\/\" target=\"_blank\" rel=\"noopener noreferrer\">Dr. med. Peter Nussbaumer<\/a> &#8211; H\u00f4pital de Lachen<br \/><a href=\"https:\/\/www.spitalzentrum-biel.ch\/patienten-besucher\/medizinisches-angebot\/chirurgie\/angebot\/thoraxchirurgie\/\" target=\"_blank\" rel=\"noopener noreferrer\">Dr. med. Antoine Oesch<\/a> &#8211; Centre hospitalier Bienne<br \/><a href=\"https:\/\/www.linkedin.com\/in\/othmar-sch%C3%B6b-97a400b5\/\" target=\"_blank\" rel=\"noopener noreferrer\">Prof. Othmar Sch\u00f6b<\/a> &#8211; Centre chirurgical de Zurich<br \/><a href=\"https:\/\/www.linkedin.com\/in\/vital-schreiber-a9332642\/\" target=\"_blank\" rel=\"noopener noreferrer\">Dr. med. Vital Schreiber<\/a> &#8211; H\u00f4pital d&rsquo;Uster<br \/><a href=\"https:\/\/www.linkedin.com\/in\/jurg-traber-7a2aba121\/\" target=\"_blank\" rel=\"noopener noreferrer\">Dr. med. J\u00fcrg Traber<\/a> &#8211; Venenklinik Bellevue, Kreuzlingen<\/p>\n<p>[\/et_pb_text][\/et_pb_column][\/et_pb_row][et_pb_row column_structure=\u00a0\u00bb1_2,1_2&Prime; use_custom_gutter=\u00a0\u00bbon\u00a0\u00bb gutter_width=\u00a0\u00bb1&Prime; make_equal=\u00a0\u00bbon\u00a0\u00bb module_class=\u00a0\u00bb et_pb_row_fullwidth\u00a0\u00bb _builder_version=\u00a0\u00bb4.16&Prime; background_size=\u00a0\u00bbinitial\u00a0\u00bb background_position=\u00a0\u00bbtop_left\u00a0\u00bb background_repeat=\u00a0\u00bbrepeat\u00a0\u00bb width=\u00a0\u00bb100%\u00a0\u00bb width_tablet=\u00a0\u00bb100%\u00a0\u00bb width_phone=\u00a0\u00bb\u00a0\u00bb width_last_edited=\u00a0\u00bbon|desktop\u00a0\u00bb max_width=\u00a0\u00bb100%\u00a0\u00bb max_width_tablet=\u00a0\u00bb100%\u00a0\u00bb max_width_phone=\u00a0\u00bb\u00a0\u00bb max_width_last_edited=\u00a0\u00bbon|desktop\u00a0\u00bb custom_margin=\u00a0\u00bb0px|auto|-3px|auto||\u00a0\u00bb custom_padding=\u00a0\u00bb0px||0px|\u00a0\u00bb make_fullwidth=\u00a0\u00bbon\u00a0\u00bb global_colors_info=\u00a0\u00bb{}\u00a0\u00bb][et_pb_column type=\u00a0\u00bb1_2&Prime; _builder_version=\u00a0\u00bb4.16&Prime; background_enable_image=\u00a0\u00bboff\u00a0\u00bb background_position=\u00a0\u00bbtop_left\u00a0\u00bb custom_padding=\u00a0\u00bb8%||||false|false\u00a0\u00bb global_colors_info=\u00a0\u00bb{}\u00a0\u00bb custom_padding__hover=\u00a0\u00bb|||\u00a0\u00bb][et_pb_text _builder_version=\u00a0\u00bb4.27.4&Prime; _module_preset=\u00a0\u00bbdefault\u00a0\u00bb text_font_size=\u00a0\u00bb16px\u00a0\u00bb custom_padding=\u00a0\u00bb2%|10%|2%|10%|true|true\u00a0\u00bb hover_enabled=\u00a0\u00bb0&Prime; global_colors_info=\u00a0\u00bb{}\u00a0\u00bb sticky_enabled=\u00a0\u00bb0&Prime;]<\/p>\n<p><a href=\"https:\/\/www.linkedin.com\/in\/pd-dr-constanze-elfgen-emba-83b23019a\/\" target=\"_blank\" rel=\"noopener\">Dr. med. Constanze Elfgen<\/a> &#8211; Brust-Zentrum Z\u00fcrich<br \/><a href=\"https:\/\/www.unilu.ch\/en\/faculties\/department-of-health-sciences-and-medicine\/professorships\/professuren\/armin-gemperli\/\" target=\"_blank\" rel=\"noopener noreferrer\">Prof. Dr. med. Armin Gemperli<\/a> &#8211; Universit\u00e9 de Lucerne<br \/><a href=\"https:\/\/www.linkedin.com\/in\/valentin-neuhaus-43128563\/\" target=\"_blank\" rel=\"noopener noreferrer\">Prof. Dr. med. Valentin Neuhaus<\/a> &#8211; H\u00f4pital universitaire de Zurich<br \/><a href=\"https:\/\/www.linkedin.com\/in\/ksenija-slankamenac-174246271\" target=\"_blank\" rel=\"noopener\" title=\"PD Dr. Ksenija Slankamenac\">PD Dr. Ksenija Slankamenac<\/a>, USZ Zurich<br \/><a href=\"https:\/\/www.linkedin.com\/in\/markus-trutmann-8235a9b\/\" target=\"_blank\" rel=\"noopener noreferrer\">Dr. med. Markus Trutmann<\/a> &#8211; H+, Berne<\/p>\n<p>[\/et_pb_text][\/et_pb_column][et_pb_column type=\u00a0\u00bb1_2&Prime; _builder_version=\u00a0\u00bb4.16&Prime; background_color=\u00a0\u00bb#e3e3e3&Prime; background_position=\u00a0\u00bbtop_left\u00a0\u00bb custom_padding=\u00a0\u00bb8%|6%|8%|6%\u00a0\u00bb global_colors_info=\u00a0\u00bb{}\u00a0\u00bb custom_padding__hover=\u00a0\u00bb|||\u00a0\u00bb][et_pb_cta title=\u00a0\u00bbConseil scientifique\u00a0\u00bb button_url=\u00a0\u00bb#\u00a0\u00bb admin_label=\u00a0\u00bbFonctionnalit\u00e9 01&Prime; _builder_version=\u00a0\u00bb4.16&Prime; header_font=\u00a0\u00bbRoboto||||||||\u00a0\u00bb header_text_color=\u00a0\u00bb#1f1f1f\u00a0\u00bb header_font_size=\u00a0\u00bb36&Prime; header_line_height=\u00a0\u00bb1.4em\u00a0\u00bb body_font_size=\u00a0\u00bb16&Prime; body_line_height=\u00a0\u00bb1.9em\u00a0\u00bb use_background_color=\u00a0\u00bboff\u00a0\u00bb custom_button=\u00a0\u00bbon\u00a0\u00bb button_text_size=\u00a0\u00bb18&Prime; button_text_color=\u00a0\u00bb#ffffff\u00a0\u00bb button_bg_color=\u00a0\u00bb#6eba01&Prime; button_border_color=\u00a0\u00bb#6eba01&Prime; button_letter_spacing=\u00a0\u00bb2&Prime; button_font=\u00a0\u00bbMontserrat|||on|\u00a0\u00bb button_use_icon=\u00a0\u00bboff\u00a0\u00bb text_orientation=\u00a0\u00bbleft\u00a0\u00bb background_layout=\u00a0\u00bblight\u00a0\u00bb max_width=\u00a0\u00bb450px\u00a0\u00bb module_alignment=\u00a0\u00bbleft\u00a0\u00bb custom_margin=\u00a0\u00bb|||\u00a0\u00bb custom_padding=\u00a0\u00bb|||\u00a0\u00bb animation_style=\u00a0\u00bbfold\u00a0\u00bb animation_direction=\u00a0\u00bbbottom\u00a0\u00bb animation_intensity_fold=\u00a0\u00bb15%\u00a0\u00bb button_text_color_hover=\u00a0\u00bb#6eba01&Prime; button_border_color_hover=\u00a0\u00bb#6eba01&Prime; button_border_radius_hover=\u00a0\u00bb0&Prime; button_letter_spacing_hover=\u00a0\u00bb2&Prime; button_bg_color_hover=\u00a0\u00bbrgba(0,0,0,0)\u00a0\u00bb saved_tabs=\u00a0\u00bball\u00a0\u00bb locked=\u00a0\u00bboff\u00a0\u00bb global_colors_info=\u00a0\u00bb{}\u00a0\u00bb button_text_size__hover_enabled=\u00a0\u00bboff\u00a0\u00bb button_one_text_size__hover_enabled=\u00a0\u00bboff\u00a0\u00bb button_two_text_size__hover_enabled=\u00a0\u00bboff\u00a0\u00bb button_text_color__hover_enabled=\u00a0\u00bbon\u00a0\u00bb button_text_color__hover=\u00a0\u00bb#6eba01&Prime; button_one_text_color__hover_enabled=\u00a0\u00bboff\u00a0\u00bb button_two_text_color__hover_enabled=\u00a0\u00bboff\u00a0\u00bb button_border_width__hover_enabled=\u00a0\u00bboff\u00a0\u00bb button_one_border_width__hover_enabled=\u00a0\u00bboff\u00a0\u00bb button_two_border_width__hover_enabled=\u00a0\u00bboff\u00a0\u00bb button_border_color__hover_enabled=\u00a0\u00bbon\u00a0\u00bb button_border_color__hover=\u00a0\u00bb#6eba01&Prime; button_one_border_color__hover_enabled=\u00a0\u00bboff\u00a0\u00bb button_two_border_color__hover_enabled=\u00a0\u00bboff\u00a0\u00bb button_border_radius__hover_enabled=\u00a0\u00bbon\u00a0\u00bb button_border_radius__hover=\u00a0\u00bb0&Prime; button_one_border_radius__hover_enabled=\u00a0\u00bboff\u00a0\u00bb button_two_border_radius__hover_enabled=\u00a0\u00bboff\u00a0\u00bb button_letter_spacing__hover_enabled=\u00a0\u00bbon\u00a0\u00bb button_letter_spacing__hover=\u00a0\u00bb2&Prime; button_one_letter_spacing__hover_enabled=\u00a0\u00bboff\u00a0\u00bb button_two_letter_spacing__hover_enabled=\u00a0\u00bboff\u00a0\u00bb button_bg_color__hover_enabled=\u00a0\u00bbon\u00a0\u00bb button_bg_color__hover=\u00a0\u00bbrgba(0,0,0,0)\u00a0\u00bb button_one_bg_color__hover_enabled=\u00a0\u00bboff\u00a0\u00bb button_two_bg_color__hover_enabled=\u00a0\u00bboff\u00a0\u00bb]<\/p>\n<p>Le Scientific Board est \u00e9galement d\u00e9sign\u00e9 par le responsable de l&rsquo;AQC. Ses objectifs sont<\/p>\n<p>1. soutien au responsable de l&rsquo;AQC pour les questions scientifiques<\/p>\n<p>2. augmentation des activit\u00e9s scientifiques de l&rsquo;AQC<\/p>\n<p>3. agir en tant que compl\u00e9ment \/ partenaire dans les nouveaux projets<\/p>\n<p>[\/et_pb_cta][\/et_pb_column][\/et_pb_row][\/et_pb_section]<\/p>\n","protected":false},"excerpt":{"rendered":"<p>La direction de l&rsquo;AQCL&rsquo;AQC est synonyme d&rsquo;excellence op\u00e9rationnelle et scientifique. Nous privil\u00e9gions l&rsquo;\u00e9change actif et le d\u00e9bat. Nos conseils d&rsquo;administration sont compos\u00e9s d&rsquo;\u00e9minents m\u00e9decins. Ils veillent \u00e0 ce que nos questionnaires soient toujours \u00e0 la pointe de la technologie et refl\u00e8tent les tendances actuelles de la pratique. Le responsable de l&rsquo;AQC est assist\u00e9 par l&rsquo;Advisory [&hellip;]<\/p>\n","protected":false},"author":1,"featured_media":0,"parent":30088,"menu_order":0,"comment_status":"closed","ping_status":"closed","template":"","meta":{"_et_pb_use_builder":"on","_et_pb_old_content":"","_et_gb_content_width":"","footnotes":""},"class_list":["post-30099","page","type-page","status-publish","hentry"],"yoast_head":"<!-- This site is optimized with the Yoast SEO plugin v27.2 - https:\/\/yoast.com\/product\/yoast-seo-wordpress\/ -->\n<title>AQC Advisory- and Scientific-Boards | Recherche et discours<\/title>\n<meta name=\"description\" content=\"L&#039;AQC est synonyme d&#039;excellence scientifique. D\u00e9couvrez ce que nos comit\u00e9s peuvent faire avec des m\u00e9decins exceptionnels.\" \/>\n<meta name=\"robots\" content=\"index, follow, max-snippet:-1, max-image-preview:large, max-video-preview:-1\" \/>\n<link rel=\"canonical\" href=\"https:\/\/aqc.ch\/fr\/communaute-aqc\/gestion-de-laqc\/\" \/>\n<meta property=\"og:locale\" content=\"fr_FR\" \/>\n<meta property=\"og:type\" content=\"article\" \/>\n<meta property=\"og:title\" content=\"AQC Advisory- and Scientific-Boards | Recherche et discours\" \/>\n<meta property=\"og:description\" content=\"L&#039;AQC est synonyme d&#039;excellence scientifique. D\u00e9couvrez ce que nos comit\u00e9s peuvent faire avec des m\u00e9decins exceptionnels.\" \/>\n<meta property=\"og:url\" content=\"https:\/\/aqc.ch\/fr\/communaute-aqc\/gestion-de-laqc\/\" \/>\n<meta property=\"og:site_name\" content=\"AQC\" \/>\n<meta property=\"article:modified_time\" content=\"2025-08-06T06:44:08+00:00\" \/>\n<meta property=\"og:image\" content=\"https:\/\/aqc.ch\/wp-content\/uploads\/2020\/11\/aqc-logo-1200-761.jpg\" \/>\n\t<meta property=\"og:image:width\" content=\"1200\" \/>\n\t<meta property=\"og:image:height\" content=\"761\" \/>\n\t<meta property=\"og:image:type\" content=\"image\/jpeg\" \/>\n<meta name=\"twitter:card\" content=\"summary_large_image\" \/>\n<meta name=\"twitter:label1\" content=\"Dur\u00e9e de lecture estim\u00e9e\" \/>\n\t<meta name=\"twitter:data1\" content=\"7 minutes\" \/>\n<script type=\"application\/ld+json\" class=\"yoast-schema-graph\">{\"@context\":\"https:\/\/schema.org\",\"@graph\":[{\"@type\":\"WebPage\",\"@id\":\"https:\/\/aqc.ch\/fr\/communaute-aqc\/gestion-de-laqc\/\",\"url\":\"https:\/\/aqc.ch\/fr\/communaute-aqc\/gestion-de-laqc\/\",\"name\":\"AQC Advisory- and Scientific-Boards | Recherche et discours\",\"isPartOf\":{\"@id\":\"https:\/\/aqc.ch\/fr\/#website\"},\"datePublished\":\"2020-10-05T14:22:29+00:00\",\"dateModified\":\"2025-08-06T06:44:08+00:00\",\"description\":\"L'AQC est synonyme d'excellence scientifique. D\u00e9couvrez ce que nos comit\u00e9s peuvent faire avec des m\u00e9decins exceptionnels.\",\"breadcrumb\":{\"@id\":\"https:\/\/aqc.ch\/fr\/communaute-aqc\/gestion-de-laqc\/#breadcrumb\"},\"inLanguage\":\"fr-FR\",\"potentialAction\":[{\"@type\":\"ReadAction\",\"target\":[\"https:\/\/aqc.ch\/fr\/communaute-aqc\/gestion-de-laqc\/\"]}]},{\"@type\":\"BreadcrumbList\",\"@id\":\"https:\/\/aqc.ch\/fr\/communaute-aqc\/gestion-de-laqc\/#breadcrumb\",\"itemListElement\":[{\"@type\":\"ListItem\",\"position\":1,\"name\":\"Startseite\",\"item\":\"https:\/\/aqc.ch\/fr\/page-daccueil-de-laqc\/\"},{\"@type\":\"ListItem\",\"position\":2,\"name\":\"Communaut\u00e9 AQC\",\"item\":\"https:\/\/aqc.ch\/fr\/communaute-aqc\/\"},{\"@type\":\"ListItem\",\"position\":3,\"name\":\"Direction de l&#8217;AQC\"}]},{\"@type\":\"WebSite\",\"@id\":\"https:\/\/aqc.ch\/fr\/#website\",\"url\":\"https:\/\/aqc.ch\/fr\/\",\"name\":\"AQC\",\"description\":\"Arbeitsgemeinschaft f\u00fcr die Qualit\u00e4tssicherung in der Chirurgie\",\"publisher\":{\"@id\":\"https:\/\/aqc.ch\/fr\/#organization\"},\"potentialAction\":[{\"@type\":\"SearchAction\",\"target\":{\"@type\":\"EntryPoint\",\"urlTemplate\":\"https:\/\/aqc.ch\/fr\/?s={search_term_string}\"},\"query-input\":{\"@type\":\"PropertyValueSpecification\",\"valueRequired\":true,\"valueName\":\"search_term_string\"}}],\"inLanguage\":\"fr-FR\"},{\"@type\":\"Organization\",\"@id\":\"https:\/\/aqc.ch\/fr\/#organization\",\"name\":\"AQC - Arbeitsgemeinschaft f\u00fcr die Qualit\u00e4tssicherung in den Chirurgischen Disziplinen\",\"url\":\"https:\/\/aqc.ch\/fr\/\",\"logo\":{\"@type\":\"ImageObject\",\"inLanguage\":\"fr-FR\",\"@id\":\"https:\/\/aqc.ch\/fr\/#\/schema\/logo\/image\/\",\"url\":\"https:\/\/aqc.ch\/wp-content\/uploads\/2020\/08\/AQC-Logo-320.jpg\",\"contentUrl\":\"https:\/\/aqc.ch\/wp-content\/uploads\/2020\/08\/AQC-Logo-320.jpg\",\"width\":320,\"height\":202,\"caption\":\"AQC - Arbeitsgemeinschaft f\u00fcr die Qualit\u00e4tssicherung in den Chirurgischen Disziplinen\"},\"image\":{\"@id\":\"https:\/\/aqc.ch\/fr\/#\/schema\/logo\/image\/\"},\"sameAs\":[\"https:\/\/www.linkedin.com\/company\/aqc-arbeitsgemeinschaft-qualitaetssicherung\/\"]}]}<\/script>\n<!-- \/ Yoast SEO plugin. -->","yoast_head_json":{"title":"AQC Advisory- and Scientific-Boards | Recherche et discours","description":"L'AQC est synonyme d'excellence scientifique. D\u00e9couvrez ce que nos comit\u00e9s peuvent faire avec des m\u00e9decins exceptionnels.","robots":{"index":"index","follow":"follow","max-snippet":"max-snippet:-1","max-image-preview":"max-image-preview:large","max-video-preview":"max-video-preview:-1"},"canonical":"https:\/\/aqc.ch\/fr\/communaute-aqc\/gestion-de-laqc\/","og_locale":"fr_FR","og_type":"article","og_title":"AQC Advisory- and Scientific-Boards | Recherche et discours","og_description":"L'AQC est synonyme d'excellence scientifique. D\u00e9couvrez ce que nos comit\u00e9s peuvent faire avec des m\u00e9decins exceptionnels.","og_url":"https:\/\/aqc.ch\/fr\/communaute-aqc\/gestion-de-laqc\/","og_site_name":"AQC","article_modified_time":"2025-08-06T06:44:08+00:00","og_image":[{"width":1200,"height":761,"url":"https:\/\/aqc.ch\/wp-content\/uploads\/2020\/11\/aqc-logo-1200-761.jpg","type":"image\/jpeg"}],"twitter_card":"summary_large_image","twitter_misc":{"Dur\u00e9e de lecture estim\u00e9e":"7 minutes"},"schema":{"@context":"https:\/\/schema.org","@graph":[{"@type":"WebPage","@id":"https:\/\/aqc.ch\/fr\/communaute-aqc\/gestion-de-laqc\/","url":"https:\/\/aqc.ch\/fr\/communaute-aqc\/gestion-de-laqc\/","name":"AQC Advisory- and Scientific-Boards | Recherche et discours","isPartOf":{"@id":"https:\/\/aqc.ch\/fr\/#website"},"datePublished":"2020-10-05T14:22:29+00:00","dateModified":"2025-08-06T06:44:08+00:00","description":"L'AQC est synonyme d'excellence scientifique. D\u00e9couvrez ce que nos comit\u00e9s peuvent faire avec des m\u00e9decins exceptionnels.","breadcrumb":{"@id":"https:\/\/aqc.ch\/fr\/communaute-aqc\/gestion-de-laqc\/#breadcrumb"},"inLanguage":"fr-FR","potentialAction":[{"@type":"ReadAction","target":["https:\/\/aqc.ch\/fr\/communaute-aqc\/gestion-de-laqc\/"]}]},{"@type":"BreadcrumbList","@id":"https:\/\/aqc.ch\/fr\/communaute-aqc\/gestion-de-laqc\/#breadcrumb","itemListElement":[{"@type":"ListItem","position":1,"name":"Startseite","item":"https:\/\/aqc.ch\/fr\/page-daccueil-de-laqc\/"},{"@type":"ListItem","position":2,"name":"Communaut\u00e9 AQC","item":"https:\/\/aqc.ch\/fr\/communaute-aqc\/"},{"@type":"ListItem","position":3,"name":"Direction de l&#8217;AQC"}]},{"@type":"WebSite","@id":"https:\/\/aqc.ch\/fr\/#website","url":"https:\/\/aqc.ch\/fr\/","name":"AQC","description":"Arbeitsgemeinschaft f\u00fcr die Qualit\u00e4tssicherung in der Chirurgie","publisher":{"@id":"https:\/\/aqc.ch\/fr\/#organization"},"potentialAction":[{"@type":"SearchAction","target":{"@type":"EntryPoint","urlTemplate":"https:\/\/aqc.ch\/fr\/?s={search_term_string}"},"query-input":{"@type":"PropertyValueSpecification","valueRequired":true,"valueName":"search_term_string"}}],"inLanguage":"fr-FR"},{"@type":"Organization","@id":"https:\/\/aqc.ch\/fr\/#organization","name":"AQC - Arbeitsgemeinschaft f\u00fcr die Qualit\u00e4tssicherung in den Chirurgischen Disziplinen","url":"https:\/\/aqc.ch\/fr\/","logo":{"@type":"ImageObject","inLanguage":"fr-FR","@id":"https:\/\/aqc.ch\/fr\/#\/schema\/logo\/image\/","url":"https:\/\/aqc.ch\/wp-content\/uploads\/2020\/08\/AQC-Logo-320.jpg","contentUrl":"https:\/\/aqc.ch\/wp-content\/uploads\/2020\/08\/AQC-Logo-320.jpg","width":320,"height":202,"caption":"AQC - Arbeitsgemeinschaft f\u00fcr die Qualit\u00e4tssicherung in den Chirurgischen Disziplinen"},"image":{"@id":"https:\/\/aqc.ch\/fr\/#\/schema\/logo\/image\/"},"sameAs":["https:\/\/www.linkedin.com\/company\/aqc-arbeitsgemeinschaft-qualitaetssicherung\/"]}]}},"_links":{"self":[{"href":"https:\/\/aqc.ch\/fr\/wp-json\/wp\/v2\/pages\/30099","targetHints":{"allow":["GET"]}}],"collection":[{"href":"https:\/\/aqc.ch\/fr\/wp-json\/wp\/v2\/pages"}],"about":[{"href":"https:\/\/aqc.ch\/fr\/wp-json\/wp\/v2\/types\/page"}],"author":[{"embeddable":true,"href":"https:\/\/aqc.ch\/fr\/wp-json\/wp\/v2\/users\/1"}],"replies":[{"embeddable":true,"href":"https:\/\/aqc.ch\/fr\/wp-json\/wp\/v2\/comments?post=30099"}],"version-history":[{"count":39,"href":"https:\/\/aqc.ch\/fr\/wp-json\/wp\/v2\/pages\/30099\/revisions"}],"predecessor-version":[{"id":31178,"href":"https:\/\/aqc.ch\/fr\/wp-json\/wp\/v2\/pages\/30099\/revisions\/31178"}],"up":[{"embeddable":true,"href":"https:\/\/aqc.ch\/fr\/wp-json\/wp\/v2\/pages\/30088"}],"wp:attachment":[{"href":"https:\/\/aqc.ch\/fr\/wp-json\/wp\/v2\/media?parent=30099"}],"curies":[{"name":"wp","href":"https:\/\/api.w.org\/{rel}","templated":true}]}}